{"id":95,"date":"2020-04-27T18:22:14","date_gmt":"2020-04-27T16:22:14","guid":{"rendered":"https:\/\/leslandesaucor.wordpress.com\/?page_id=95"},"modified":"2025-07-30T11:04:09","modified_gmt":"2025-07-30T09:04:09","slug":"magasins-de-musique","status":"publish","type":"page","link":"https:\/\/leslandesaucor.fr\/index.php\/magasins-de-musique\/","title":{"rendered":"Magasins de musique"},"content":{"rendered":"\n<p class=\"has-text-align-center\">Pour pouvoir faire entretenir votre instrument voici une liste de magasins<\/p>\n\n\n\n<p class=\"has-text-align-center\"><strong>Les sp\u00e9cialistes du cor<\/strong><\/p>\n\n\n\n<div class=\"wp-block-columns is-layout-flex wp-container-core-columns-is-layout-9d6595d7 wp-block-columns-is-layout-flex\">\n<div class=\"wp-block-column is-layout-flow wp-block-column-is-layout-flow\"><div class=\"wp-block-image\">\n<figure class=\"aligncenter size-large\"><img loading=\"lazy\" decoding=\"async\" width=\"225\" height=\"225\" src=\"http:\/\/leslank.cluster028.hosting.ovh.net\/wp-content\/uploads\/2020\/04\/image.png?w=225\" alt=\"L'olifant Paris - Home | Facebook\" class=\"wp-image-96\" srcset=\"https:\/\/leslandesaucor.fr\/wp-content\/uploads\/2020\/04\/image.png 225w, https:\/\/leslandesaucor.fr\/wp-content\/uploads\/2020\/04\/image-150x150.png 150w\" sizes=\"(max-width: 225px) 100vw, 225px\" \/><figcaption class=\"wp-element-caption\">93-95 avenue Daumesnil, 75012\u00a0 Paris<\/figcaption><\/figure>\n<\/div>\n\n\n<p class=\"has-text-align-center\">Achat, entretien, r\u00e9parations<\/p>\n<\/div>\n\n\n\n<div class=\"wp-block-column is-layout-flow wp-block-column-is-layout-flow\"><div class=\"wp-block-image\">\n<figure class=\"aligncenter size-large\"><img loading=\"lazy\" decoding=\"async\" width=\"1024\" height=\"900\" src=\"https:\/\/leslandesaucor.fr\/wp-content\/uploads\/2020\/06\/logo-1024x900.png\" alt=\"Aucune description de photo disponible.\" class=\"wp-image-1524\" srcset=\"https:\/\/leslandesaucor.fr\/wp-content\/uploads\/2020\/06\/logo-1024x900.png 1024w, https:\/\/leslandesaucor.fr\/wp-content\/uploads\/2020\/06\/logo-300x264.png 300w, https:\/\/leslandesaucor.fr\/wp-content\/uploads\/2020\/06\/logo-768x675.png 768w, https:\/\/leslandesaucor.fr\/wp-content\/uploads\/2020\/06\/logo.png 1500w\" sizes=\"(max-width: 1024px) 100vw, 1024px\" \/><figcaption class=\"wp-element-caption\">7, rue du Port<br>33800 Bordeaux<\/figcaption><\/figure>\n<\/div>\n\n\n<p class=\"has-text-align-center\">Entretien, r\u00e9parations<\/p>\n<\/div>\n\n\n\n<div class=\"wp-block-column is-layout-flow wp-block-column-is-layout-flow\">\n<div style=\"height:37px\" aria-hidden=\"true\" class=\"wp-block-spacer\"><\/div>\n\n\n\n<div class=\"wp-block-group alignwide\"><div class=\"wp-block-group__inner-container is-layout-flow wp-block-group-is-layout-flow\"><div class=\"wp-block-image is-style-default\">\n<figure class=\"aligncenter size-large is-resized\"><img loading=\"lazy\" decoding=\"async\" width=\"1024\" height=\"1024\" src=\"https:\/\/leslandesaucor.fr\/wp-content\/uploads\/2025\/07\/271815513_299589635432384_3421735598439375304_n-1024x1024.jpg\" alt=\"\" class=\"wp-image-3085\" style=\"width:174px;height:auto\" srcset=\"https:\/\/leslandesaucor.fr\/wp-content\/uploads\/2025\/07\/271815513_299589635432384_3421735598439375304_n-1024x1024.jpg 1024w, https:\/\/leslandesaucor.fr\/wp-content\/uploads\/2025\/07\/271815513_299589635432384_3421735598439375304_n-300x300.jpg 300w, https:\/\/leslandesaucor.fr\/wp-content\/uploads\/2025\/07\/271815513_299589635432384_3421735598439375304_n-150x150.jpg 150w, https:\/\/leslandesaucor.fr\/wp-content\/uploads\/2025\/07\/271815513_299589635432384_3421735598439375304_n-768x768.jpg 768w, https:\/\/leslandesaucor.fr\/wp-content\/uploads\/2025\/07\/271815513_299589635432384_3421735598439375304_n-1536x1536.jpg 1536w, https:\/\/leslandesaucor.fr\/wp-content\/uploads\/2025\/07\/271815513_299589635432384_3421735598439375304_n-1080x1080.jpg 1080w, https:\/\/leslandesaucor.fr\/wp-content\/uploads\/2025\/07\/271815513_299589635432384_3421735598439375304_n.jpg 2048w\" sizes=\"(max-width: 1024px) 100vw, 1024px\" \/><\/figure>\n<\/div>\n\n\n<div style=\"height:62px\" aria-hidden=\"true\" class=\"wp-block-spacer\"><\/div>\n<\/div><\/div>\n\n\n\n<p class=\"has-text-align-center\">Entretien, r\u00e9parations<\/p>\n<\/div>\n<\/div>\n\n\n\n<div class=\"wp-block-columns is-layout-flex wp-container-core-columns-is-layout-9d6595d7 wp-block-columns-is-layout-flex\">\n<div class=\"wp-block-column is-layout-flow wp-block-column-is-layout-flow\">\n<div class=\"wp-block-columns is-layout-flex wp-container-core-columns-is-layout-9d6595d7 wp-block-columns-is-layout-flex\">\n<div class=\"wp-block-column is-layout-flow wp-block-column-is-layout-flow\">\n<div class=\"wp-block-buttons is-content-justification-center is-layout-flex wp-container-core-buttons-is-layout-16018d1d wp-block-buttons-is-layout-flex\">\n<div class=\"wp-block-button is-style-fill\"><a class=\"wp-block-button__link has-colibri-color-6-background-color has-background wp-element-button\" href=\"https:\/\/www.lolifantparis.com\/\" style=\"border-radius:30px\" target=\"_blank\" rel=\"noreferrer noopener\">OLIFANT Paris<\/a><\/div>\n<\/div>\n<\/div>\n\n\n\n<div class=\"wp-block-column is-layout-flow wp-block-column-is-layout-flow\">\n<div class=\"wp-block-buttons is-content-justification-center is-layout-flex wp-container-core-buttons-is-layout-16018d1d wp-block-buttons-is-layout-flex\">\n<div class=\"wp-block-button\"><a class=\"wp-block-button__link has-colibri-color-6-background-color has-background wp-element-button\" href=\"https:\/\/abc-musique.fr\/\" style=\"border-radius:30px\" target=\"_blank\" rel=\"noreferrer noopener\">BARRA CLERJOUX<\/a><\/div>\n<\/div>\n<\/div>\n\n\n\n<div class=\"wp-block-column is-layout-flow wp-block-column-is-layout-flow\">\n<div class=\"wp-block-buttons is-content-justification-center is-layout-flex wp-container-core-buttons-is-layout-16018d1d wp-block-buttons-is-layout-flex\">\n<div class=\"wp-block-button\"><a class=\"wp-block-button__link has-colibri-color-6-background-color has-background wp-element-button\" href=\"https:\/\/www.latelierdarmelle.fr\/\" style=\"border-radius:30px\" target=\"_blank\" rel=\"noreferrer noopener\">L&rsquo;atelier d&rsquo;Armelle<\/a><\/div>\n<\/div>\n<\/div>\n<\/div>\n\n\n\n<div class=\"wp-block-group\"><div class=\"wp-block-group__inner-container is-layout-flow wp-block-group-is-layout-flow\">\n<p class=\"has-text-align-center\"><strong>LES ATELIERS DU COIN<\/strong><\/p>\n<\/div><\/div>\n\n\n\n<div class=\"wp-block-columns is-layout-flex wp-container-core-columns-is-layout-9d6595d7 wp-block-columns-is-layout-flex\">\n<div class=\"wp-block-column is-layout-flow wp-block-column-is-layout-flow\">\n<figure class=\"wp-block-image size-large\"><img loading=\"lazy\" decoding=\"async\" width=\"800\" height=\"400\" src=\"https:\/\/leslandesaucor.fr\/wp-content\/uploads\/2020\/05\/8.jpg\" alt=\"\" class=\"wp-image-1381\" srcset=\"https:\/\/leslandesaucor.fr\/wp-content\/uploads\/2020\/05\/8.jpg 800w, https:\/\/leslandesaucor.fr\/wp-content\/uploads\/2020\/05\/8-300x150.jpg 300w, https:\/\/leslandesaucor.fr\/wp-content\/uploads\/2020\/05\/8-768x384.jpg 768w\" sizes=\"(max-width: 800px) 100vw, 800px\" \/><figcaption class=\"wp-element-caption\">Douenat musique<br>40100 Dax<\/figcaption><\/figure>\n<\/div>\n\n\n\n<div class=\"wp-block-column is-vertically-aligned-center is-layout-flow wp-block-column-is-layout-flow\"><div class=\"wp-block-image\">\n<figure class=\"aligncenter size-full\"><img loading=\"lazy\" decoding=\"async\" width=\"250\" height=\"250\" src=\"https:\/\/leslandesaucor.fr\/wp-content\/uploads\/2025\/07\/60636017_455522768528470_4921110250003628032_o-e1560502735120.jpg\" alt=\"\" class=\"wp-image-3088\" srcset=\"https:\/\/leslandesaucor.fr\/wp-content\/uploads\/2025\/07\/60636017_455522768528470_4921110250003628032_o-e1560502735120.jpg 250w, https:\/\/leslandesaucor.fr\/wp-content\/uploads\/2025\/07\/60636017_455522768528470_4921110250003628032_o-e1560502735120-150x150.jpg 150w\" sizes=\"(max-width: 250px) 100vw, 250px\" \/><figcaption class=\"wp-element-caption\">1 rue Andr\u00e9 Mureine 33130 B\u00e8gles<\/figcaption><\/figure>\n<\/div>\n\n\n<p><\/p>\n<\/div>\n\n\n\n<div class=\"wp-block-column is-layout-flow wp-block-column-is-layout-flow\"><div class=\"wp-block-image is-resized\">\n<figure class=\"aligncenter\"><img decoding=\"async\" src=\"https:\/\/www.lartdesnotes.fr\/wp-content\/uploads\/2015\/09\/logo-lartdesnotes.png\" alt=\"L'Art des Notes\"\/><figcaption class=\"wp-element-caption\">15 place du Marcadieu  Arzacq<\/figcaption><\/figure>\n<\/div><\/div>\n<\/div>\n<\/div>\n<\/div>\n\n\n\n<div class=\"wp-block-columns is-layout-flex wp-container-core-columns-is-layout-9d6595d7 wp-block-columns-is-layout-flex\">\n<div class=\"wp-block-column is-layout-flow wp-block-column-is-layout-flow\">\n<div class=\"wp-block-buttons is-content-justification-center is-layout-flex wp-container-core-buttons-is-layout-16018d1d wp-block-buttons-is-layout-flex\">\n<div class=\"wp-block-button\"><a class=\"wp-block-button__link has-colibri-color-6-background-color has-background wp-element-button\" href=\"http:\/\/www.douenat-musique.com\/\" target=\"_blank\" rel=\"noreferrer noopener\">DOUENAT musique<\/a><\/div>\n<\/div>\n<\/div>\n\n\n\n<div class=\"wp-block-column is-layout-flow wp-block-column-is-layout-flow\">\n<div class=\"wp-block-buttons is-content-justification-center is-layout-flex wp-container-core-buttons-is-layout-16018d1d wp-block-buttons-is-layout-flex\">\n<div class=\"wp-block-button\"><a class=\"wp-block-button__link has-colibri-color-6-background-color has-background wp-element-button\" href=\"https:\/\/atelier-avel.fr\/\" target=\"_blank\" rel=\"noreferrer noopener\">ATELIER AVEL<\/a><\/div>\n<\/div>\n<\/div>\n\n\n\n<div class=\"wp-block-column is-layout-flow wp-block-column-is-layout-flow\">\n<div class=\"wp-block-buttons is-content-justification-center is-layout-flex wp-container-core-buttons-is-layout-16018d1d wp-block-buttons-is-layout-flex\">\n<div class=\"wp-block-button\"><a class=\"wp-block-button__link has-colibri-color-6-background-color has-background wp-element-button\" href=\"https:\/\/www.lartdesnotes.fr\/\" style=\"border-radius:30px\" target=\"_blank\" rel=\"noreferrer noopener\">L&rsquo;ART DES NOTES<\/a><\/div>\n<\/div>\n<\/div>\n<\/div>\n\n\n\n<p class=\"has-text-align-center\">VIDEO REPARATION COR<\/p>\n\n\n\n<figure class=\"wp-block-embed aligncenter is-type-video is-provider-youtube wp-block-embed-youtube wp-embed-aspect-16-9 wp-has-aspect-ratio\"><div class=\"wp-block-embed__wrapper\">\n<iframe loading=\"lazy\" title=\"Re\u0301paration  cor d&#039;harmonie\" width=\"500\" height=\"281\" src=\"https:\/\/www.youtube.com\/embed\/RmRcYD9Dlwc?feature=oembed\" frameborder=\"0\" allow=\"accelerometer; autoplay; clipboard-write; encrypted-media; gyroscope; picture-in-picture; web-share\" referrerpolicy=\"strict-origin-when-cross-origin\" allowfullscreen><\/iframe>\n<\/div><\/figure>\n","protected":false},"excerpt":{"rendered":"<p>Pour pouvoir faire entretenir votre instrument voici une liste de magasins Les sp\u00e9cialistes du cor Achat, entretien, r\u00e9parations Entretien, r\u00e9parations Entretien, r\u00e9parations LES ATELIERS DU COIN VIDEO REPARATION COR<\/p>\n","protected":false},"author":1,"featured_media":0,"parent":0,"menu_order":0,"comment_status":"closed","ping_status":"closed","template":"","meta":{"saved_in_kubio":true,"footnotes":""},"class_list":["post-95","page","type-page","status-publish","hentry"],"kubio_ai_page_context":{"short_desc":"","purpose":"general"},"_links":{"self":[{"href":"https:\/\/leslandesaucor.fr\/index.php\/wp-json\/wp\/v2\/pages\/95","targetHints":{"allow":["GET"]}}],"collection":[{"href":"https:\/\/leslandesaucor.fr\/index.php\/wp-json\/wp\/v2\/pages"}],"about":[{"href":"https:\/\/leslandesaucor.fr\/index.php\/wp-json\/wp\/v2\/types\/page"}],"author":[{"embeddable":true,"href":"https:\/\/leslandesaucor.fr\/index.php\/wp-json\/wp\/v2\/users\/1"}],"replies":[{"embeddable":true,"href":"https:\/\/leslandesaucor.fr\/index.php\/wp-json\/wp\/v2\/comments?post=95"}],"version-history":[{"count":11,"href":"https:\/\/leslandesaucor.fr\/index.php\/wp-json\/wp\/v2\/pages\/95\/revisions"}],"predecessor-version":[{"id":3090,"href":"https:\/\/leslandesaucor.fr\/index.php\/wp-json\/wp\/v2\/pages\/95\/revisions\/3090"}],"wp:attachment":[{"href":"https:\/\/leslandesaucor.fr\/index.php\/wp-json\/wp\/v2\/media?parent=95"}],"curies":[{"name":"wp","href":"https:\/\/api.w.org\/{rel}","templated":true}]}}