{"id":40,"date":"2020-04-23T17:07:08","date_gmt":"2020-04-23T15:07:08","guid":{"rendered":"https:\/\/leslandesaucor.wordpress.com\/?page_id=40"},"modified":"2021-12-29T18:04:47","modified_gmt":"2021-12-29T17:04:47","slug":"lentretien-de-linstrument","status":"publish","type":"page","link":"https:\/\/leslandesaucor.fr\/index.php\/lentretien-de-linstrument\/","title":{"rendered":"Mat\u00e9riel pour entretenir"},"content":{"rendered":"\n<p class=\"has-text-align-center\"><strong>Comme tout instrument le cor \u00e0 besoin d&rsquo;entretien.<\/strong><\/p>\n\n\n\n<p class=\"has-text-align-center\"><span style=\"text-decoration:underline;\">Voici la liste des indispensables:<\/span><\/p>\n\n\n\n<div class=\"wp-block-columns is-layout-flex wp-container-core-columns-is-layout-9d6595d7 wp-block-columns-is-layout-flex\">\n<div class=\"wp-block-column is-layout-flow wp-block-column-is-layout-flow\">\n<p class=\"has-text-align-center\">L&rsquo;HUILE<\/p>\n\n\n\n<p class=\"has-text-align-center\"><strong><a href=\"https:\/\/www.thomann.de\/fr\/j_meinlschmidt_jm_nr._11_rotor_oil.htm?listPosition=0\"><strong>J. Meinlschmidt\u00a0<\/strong>JM Nr. 13.5 Rotor Oil<\/a><\/strong><\/p>\n\n\n\n<div class=\"wp-block-image is-style-rounded\"><figure class=\"aligncenter size-full is-resized\"><img loading=\"lazy\" decoding=\"async\" src=\"https:\/\/leslandesaucor.fr\/wp-content\/uploads\/2021\/12\/14731791_800.jpg\" alt=\"\" class=\"wp-image-1759\" width=\"151\" height=\"288\" srcset=\"https:\/\/leslandesaucor.fr\/wp-content\/uploads\/2021\/12\/14731791_800.jpg 313w, https:\/\/leslandesaucor.fr\/wp-content\/uploads\/2021\/12\/14731791_800-157x300.jpg 157w\" sizes=\"(max-width: 151px) 100vw, 151px\" \/><\/figure><\/div>\n<\/div>\n\n\n\n<div class=\"wp-block-column is-layout-flow wp-block-column-is-layout-flow\">\n<p class=\"has-text-align-center\">LA GRAISSE<\/p>\n\n\n\n<p class=\"has-text-align-center\"><strong><a rel=\"noreferrer noopener\" href=\"https:\/\/www.thomann.de\/fr\/j_meinlschmidt_jm_nr._7_slide_gel.htm?listPosition=4\" target=\"_blank\"><strong>J. Meinlschmidt\u00a0<\/strong>JM Nr. 7 Slide Gel<\/a><\/strong><\/p>\n\n\n\n<div class=\"wp-block-image is-style-rounded\"><figure class=\"aligncenter size-full is-resized\"><img loading=\"lazy\" decoding=\"async\" src=\"https:\/\/leslandesaucor.fr\/wp-content\/uploads\/2021\/12\/14726086_800.jpg\" alt=\"\" class=\"wp-image-1760\" width=\"155\" height=\"278\"\/><\/figure><\/div>\n<\/div>\n<\/div>\n\n\n\n<p class=\"has-text-align-center\">Je vous conseille \u00e9galement d&rsquo;acheter l&rsquo;aiguille qui va avec l&rsquo;huile. Elle n&rsquo;est pas ch\u00e8re et bien pratique.<\/p>\n\n\n\n<p class=\"has-text-align-center\"><strong><br>J. Meinlschmidt\u00a0<\/strong>JM Needle<\/p>\n\n\n\n<div class=\"wp-block-image\"><figure class=\"aligncenter size-full is-resized\"><img loading=\"lazy\" decoding=\"async\" src=\"https:\/\/leslandesaucor.fr\/wp-content\/uploads\/2021\/12\/14788111_800.jpg\" alt=\"\" class=\"wp-image-1761\" width=\"101\" height=\"260\" srcset=\"https:\/\/leslandesaucor.fr\/wp-content\/uploads\/2021\/12\/14788111_800.jpg 233w, https:\/\/leslandesaucor.fr\/wp-content\/uploads\/2021\/12\/14788111_800-117x300.jpg 117w\" sizes=\"(max-width: 101px) 100vw, 101px\" \/><\/figure><\/div>\n\n\n\n<div class=\"wp-block-buttons is-content-justification-center is-layout-flex wp-block-buttons-is-layout-flex\">\n<div class=\"wp-block-button\"><a class=\"wp-block-button__link has-colibri-color-5-color has-colibri-color-6-background-color has-text-color has-background\" href=\"https:\/\/www.thomann.de\/fr\/graisses_et_huiles.html?manufacturer%5B%5D=J.%20Meinlschmidt&amp;gk=BLZUFO&amp;filter=true\" target=\"_blank\" rel=\"noreferrer noopener\">Lien huiles et graisses<\/a><\/div>\n<\/div>\n\n\n\n<p class=\"has-text-align-center\">Dans la mesure du possible, \u00e9vitez de changer de mod\u00e8le d&rsquo;huile. Le but \u00e9tant d&rsquo;utiliser toujours le m\u00eame type d&rsquo;huile.<\/p>\n\n\n\n<p class=\"has-text-align-center\">\u200bIl se peut que ces mod\u00e8les d&rsquo;huiles et de graisses ne soient pas disponibles en magasin. Vous pouvez voir avec le luthier qui vous conseillera un mod\u00e8le \u00e9quivalent.<\/p>\n\n\n\n<p><\/p>\n\n\n\n<p class=\"has-text-align-center\"><strong>Et bien s\u00fbr les indispensables pour nettoyer l&rsquo;instrument et l&#8217;embouchure<\/strong><\/p>\n\n\n\n<div class=\"wp-block-columns is-layout-flex wp-container-core-columns-is-layout-9d6595d7 wp-block-columns-is-layout-flex\">\n<div class=\"wp-block-column is-layout-flow wp-block-column-is-layout-flow\">\n<div class=\"wp-block-columns is-layout-flex wp-container-core-columns-is-layout-9d6595d7 wp-block-columns-is-layout-flex\">\n<div class=\"wp-block-column is-layout-flow wp-block-column-is-layout-flow\">\n<p class=\"has-text-align-center\">Un chiffon ou peau de chamois<\/p>\n\n\n\n<div class=\"wp-block-image is-style-default\"><figure class=\"aligncenter size-large is-resized\"><img loading=\"lazy\" decoding=\"async\" src=\"http:\/\/leslank.cluster028.hosting.ovh.net\/wp-content\/uploads\/2020\/04\/1pcs-microfibre-instrument-de-musique-nettoyage-ch.jpg?w=300\" alt=\"\" class=\"wp-image-44\" width=\"211\" height=\"211\" srcset=\"https:\/\/leslandesaucor.fr\/wp-content\/uploads\/2020\/04\/1pcs-microfibre-instrument-de-musique-nettoyage-ch.jpg 300w, https:\/\/leslandesaucor.fr\/wp-content\/uploads\/2020\/04\/1pcs-microfibre-instrument-de-musique-nettoyage-ch-150x150.jpg 150w\" sizes=\"(max-width: 211px) 100vw, 211px\" \/><\/figure><\/div>\n<\/div>\n\n\n\n<div class=\"wp-block-column is-layout-flow wp-block-column-is-layout-flow\">\n<p class=\"has-text-align-center\">Un \u00e9couvillon pour nettoyer l&#8217;embouchure<\/p>\n\n\n\n<div class=\"wp-block-image is-style-rounded\"><figure class=\"aligncenter size-large is-resized\"><img loading=\"lazy\" decoding=\"async\" src=\"http:\/\/leslank.cluster028.hosting.ovh.net\/wp-content\/uploads\/2020\/04\/tc3a9lc3a9chargement-1-1.jpg?w=225\" alt=\"\" class=\"wp-image-50\" width=\"153\" height=\"153\" srcset=\"https:\/\/leslandesaucor.fr\/wp-content\/uploads\/2020\/04\/tc3a9lc3a9chargement-1-1.jpg 225w, https:\/\/leslandesaucor.fr\/wp-content\/uploads\/2020\/04\/tc3a9lc3a9chargement-1-1-150x150.jpg 150w\" sizes=\"(max-width: 153px) 100vw, 153px\" \/><\/figure><\/div>\n<\/div>\n<\/div>\n\n\n\n<p><\/p>\n<\/div>\n<\/div>\n\n\n\n<div class=\"wp-block-group\"><div class=\"wp-block-group__inner-container is-layout-flow wp-block-group-is-layout-flow\"><\/div><\/div>\n\n\n\n<p class=\"has-text-align-center\"><span style=\"text-decoration:underline;\">Petit conseil: <\/span> j&rsquo;utilise pour garder le vernis de mon instrument en bon \u00e9tat un produit qui s&rsquo;appelle la tromba qui permet d&rsquo;enlever toutes les traces de l&rsquo;instrument et de le garder en bon \u00e9tat.<\/p>\n\n\n\n<div class=\"wp-block-image\"><figure class=\"aligncenter size-large is-resized\"><img loading=\"lazy\" decoding=\"async\" src=\"http:\/\/leslank.cluster028.hosting.ovh.net\/wp-content\/uploads\/2020\/04\/tc3a9lc3a9chargement.jpg?w=225\" alt=\"\" class=\"wp-image-45\" width=\"225\" height=\"225\" srcset=\"https:\/\/leslandesaucor.fr\/wp-content\/uploads\/2020\/04\/tc3a9lc3a9chargement.jpg 225w, https:\/\/leslandesaucor.fr\/wp-content\/uploads\/2020\/04\/tc3a9lc3a9chargement-150x150.jpg 150w\" sizes=\"(max-width: 225px) 100vw, 225px\" \/><\/figure><\/div>\n\n\n\n<p>\u200b<\/p>\n\n\n\n<p class=\"has-text-align-center\"><strong>Vous trouverez tous les produits de cette page dans votre magasin de musique ou sur internet&nbsp;<\/strong>.<\/p>\n\n\n\n<div class=\"wp-block-buttons is-content-justification-center is-layout-flex wp-block-buttons-is-layout-flex\">\n<div class=\"wp-block-button\"><a class=\"wp-block-button__link has-colibri-color-6-background-color has-background\" href=\"https:\/\/www.thomann.de\/fr\/index.html\" target=\"_blank\" rel=\"noreferrer noopener\">SITE THOMANN<\/a><\/div>\n<\/div>\n","protected":false},"excerpt":{"rendered":"<p>Comme tout instrument le cor \u00e0 besoin d&rsquo;entretien. Voici la liste des indispensables: L&rsquo;HUILE J. Meinlschmidt\u00a0JM Nr. 13.5 Rotor Oil LA GRAISSE J. Meinlschmidt\u00a0JM Nr. 7 Slide Gel Je vous conseille \u00e9galement d&rsquo;acheter l&rsquo;aiguille qui va avec l&rsquo;huile. Elle n&rsquo;est pas ch\u00e8re et bien pratique. J. Meinlschmidt\u00a0JM Needle Dans la mesure du possible, \u00e9vitez de [&hellip;]<\/p>\n","protected":false},"author":1,"featured_media":0,"parent":0,"menu_order":0,"comment_status":"closed","ping_status":"closed","template":"","meta":{"saved_in_kubio":false,"footnotes":""},"class_list":["post-40","page","type-page","status-publish","hentry"],"kubio_ai_page_context":{"short_desc":"","purpose":"general"},"_links":{"self":[{"href":"https:\/\/leslandesaucor.fr\/index.php\/wp-json\/wp\/v2\/pages\/40","targetHints":{"allow":["GET"]}}],"collection":[{"href":"https:\/\/leslandesaucor.fr\/index.php\/wp-json\/wp\/v2\/pages"}],"about":[{"href":"https:\/\/leslandesaucor.fr\/index.php\/wp-json\/wp\/v2\/types\/page"}],"author":[{"embeddable":true,"href":"https:\/\/leslandesaucor.fr\/index.php\/wp-json\/wp\/v2\/users\/1"}],"replies":[{"embeddable":true,"href":"https:\/\/leslandesaucor.fr\/index.php\/wp-json\/wp\/v2\/comments?post=40"}],"version-history":[{"count":10,"href":"https:\/\/leslandesaucor.fr\/index.php\/wp-json\/wp\/v2\/pages\/40\/revisions"}],"predecessor-version":[{"id":1763,"href":"https:\/\/leslandesaucor.fr\/index.php\/wp-json\/wp\/v2\/pages\/40\/revisions\/1763"}],"wp:attachment":[{"href":"https:\/\/leslandesaucor.fr\/index.php\/wp-json\/wp\/v2\/media?parent=40"}],"curies":[{"name":"wp","href":"https:\/\/api.w.org\/{rel}","templated":true}]}}