{"id":2888,"date":"2023-03-14T16:16:38","date_gmt":"2023-03-14T15:16:38","guid":{"rendered":"https:\/\/leslandesaucor.fr\/?page_id=2888"},"modified":"2023-03-14T16:17:44","modified_gmt":"2023-03-14T15:17:44","slug":"bemols-et-dieses","status":"publish","type":"page","link":"https:\/\/leslandesaucor.fr\/index.php\/bemols-et-dieses\/","title":{"rendered":"B\u00e9mols et di\u00e8ses"},"content":{"rendered":"\n<p class=\"has-text-align-center\">Sur une partition nous pourrons rencontrer ce que l&rsquo;on appelle des b\u00e9mols (b) et des di\u00e8ses (#)<\/p>\n\n\n\n<p class=\"has-text-align-center\">Ils pourront \u00eatre plac\u00e9s soit devant la note soit derri\u00e8re la cl\u00e9 de sol. Dans ce dernier cas les b ou les # seront plac\u00e9s sur la ligne de la note \u00e0 modifier.<\/p>\n\n\n\n<p class=\"has-text-align-center\">Exemple si l&rsquo;on veut un si b\u00e9mol voil\u00e0 les deux fa\u00e7ons de l&rsquo;\u00e9crire:<\/p>\n\n\n\n<div class=\"wp-block-columns is-layout-flex wp-container-core-columns-is-layout-9d6595d7 wp-block-columns-is-layout-flex\">\n<div class=\"wp-block-column is-layout-flow wp-block-column-is-layout-flow\"><div class=\"wp-block-image\">\n<figure class=\"aligncenter size-full\"><img loading=\"lazy\" decoding=\"async\" width=\"333\" height=\"151\" src=\"https:\/\/leslandesaucor.fr\/wp-content\/uploads\/2023\/03\/SIB.png\" alt=\"\" class=\"wp-image-2889\" srcset=\"https:\/\/leslandesaucor.fr\/wp-content\/uploads\/2023\/03\/SIB.png 333w, https:\/\/leslandesaucor.fr\/wp-content\/uploads\/2023\/03\/SIB-300x136.png 300w\" sizes=\"(max-width: 333px) 100vw, 333px\" \/><\/figure>\n<\/div><\/div>\n\n\n\n<div class=\"wp-block-column is-layout-flow wp-block-column-is-layout-flow\"><div class=\"wp-block-image\">\n<figure class=\"aligncenter size-full is-resized\"><img loading=\"lazy\" decoding=\"async\" src=\"https:\/\/leslandesaucor.fr\/wp-content\/uploads\/2023\/03\/urlid-261.png\" alt=\"\" class=\"wp-image-2890\" width=\"98\" height=\"118\"\/><\/figure>\n<\/div><\/div>\n<\/div>\n\n\n\n<p class=\"has-text-align-center\">Si l&rsquo;on veut un fa di\u00e8se m\u00eame chose:<\/p>\n\n\n\n<div class=\"wp-block-columns is-layout-flex wp-container-core-columns-is-layout-9d6595d7 wp-block-columns-is-layout-flex\">\n<div class=\"wp-block-column is-layout-flow wp-block-column-is-layout-flow\"><div class=\"wp-block-image\">\n<figure class=\"aligncenter size-full\"><img loading=\"lazy\" decoding=\"async\" width=\"333\" height=\"151\" src=\"https:\/\/leslandesaucor.fr\/wp-content\/uploads\/2023\/03\/FA-.png\" alt=\"\" class=\"wp-image-2891\" srcset=\"https:\/\/leslandesaucor.fr\/wp-content\/uploads\/2023\/03\/FA-.png 333w, https:\/\/leslandesaucor.fr\/wp-content\/uploads\/2023\/03\/FA--300x136.png 300w\" sizes=\"(max-width: 333px) 100vw, 333px\" \/><\/figure>\n<\/div><\/div>\n\n\n\n<div class=\"wp-block-column is-layout-flow wp-block-column-is-layout-flow\"><div class=\"wp-block-image\">\n<figure class=\"aligncenter size-full is-resized\"><img loading=\"lazy\" decoding=\"async\" src=\"https:\/\/leslandesaucor.fr\/wp-content\/uploads\/2023\/03\/urlid-262.png\" alt=\"\" class=\"wp-image-2892\" width=\"114\" height=\"119\"\/><\/figure>\n<\/div><\/div>\n<\/div>\n","protected":false},"excerpt":{"rendered":"<p>Sur une partition nous pourrons rencontrer ce que l&rsquo;on appelle des b\u00e9mols (b) et des di\u00e8ses (#) Ils pourront \u00eatre plac\u00e9s soit devant la note soit derri\u00e8re la cl\u00e9 de sol. Dans ce dernier cas les b ou les # seront plac\u00e9s sur la ligne de la note \u00e0 modifier. Exemple si l&rsquo;on veut un [&hellip;]<\/p>\n","protected":false},"author":2,"featured_media":0,"parent":0,"menu_order":0,"comment_status":"closed","ping_status":"closed","template":"","meta":{"saved_in_kubio":false,"footnotes":""},"class_list":["post-2888","page","type-page","status-publish","hentry"],"kubio_ai_page_context":{"short_desc":"","purpose":"general"},"_links":{"self":[{"href":"https:\/\/leslandesaucor.fr\/index.php\/wp-json\/wp\/v2\/pages\/2888","targetHints":{"allow":["GET"]}}],"collection":[{"href":"https:\/\/leslandesaucor.fr\/index.php\/wp-json\/wp\/v2\/pages"}],"about":[{"href":"https:\/\/leslandesaucor.fr\/index.php\/wp-json\/wp\/v2\/types\/page"}],"author":[{"embeddable":true,"href":"https:\/\/leslandesaucor.fr\/index.php\/wp-json\/wp\/v2\/users\/2"}],"replies":[{"embeddable":true,"href":"https:\/\/leslandesaucor.fr\/index.php\/wp-json\/wp\/v2\/comments?post=2888"}],"version-history":[{"count":3,"href":"https:\/\/leslandesaucor.fr\/index.php\/wp-json\/wp\/v2\/pages\/2888\/revisions"}],"predecessor-version":[{"id":2895,"href":"https:\/\/leslandesaucor.fr\/index.php\/wp-json\/wp\/v2\/pages\/2888\/revisions\/2895"}],"wp:attachment":[{"href":"https:\/\/leslandesaucor.fr\/index.php\/wp-json\/wp\/v2\/media?parent=2888"}],"curies":[{"name":"wp","href":"https:\/\/api.w.org\/{rel}","templated":true}]}}