{"id":2878,"date":"2023-03-14T15:42:21","date_gmt":"2023-03-14T14:42:21","guid":{"rendered":"https:\/\/leslandesaucor.fr\/?page_id=2878"},"modified":"2023-03-15T23:18:04","modified_gmt":"2023-03-15T22:18:04","slug":"oae-saugnac-et-cambran","status":"publish","type":"page","link":"https:\/\/leslandesaucor.fr\/index.php\/oae-saugnac-et-cambran\/","title":{"rendered":"OAE notes et doigt\u00e9s"},"content":{"rendered":"\n<p class=\"has-text-align-center\"><strong>Bonjour les cornistes !!!<\/strong><\/p>\n\n\n\n<p class=\"has-text-align-center\">Sur cette page vous trouverez une aide pour reconnaitre les notes sur votre partitions, n&rsquo;h\u00e9sitez pas \u00e0 venir consulter cette page si vous \u00eates perdus.<\/p>\n\n\n\n<p><\/p>\n\n\n\n<h2 class=\"has-text-align-center wp-block-heading\">Les notes de la gamme et leurs doigt\u00e9s<\/h2>\n\n\n\n<figure class=\"wp-block-embed aligncenter is-type-video is-provider-youtube wp-block-embed-youtube wp-embed-aspect-16-9 wp-has-aspect-ratio\"><div class=\"wp-block-embed__wrapper\">\n<iframe loading=\"lazy\" title=\"Doigt\u00e9s gamme de DO\" width=\"500\" height=\"281\" src=\"https:\/\/www.youtube.com\/embed\/5T45IkbVhdY?feature=oembed\" frameborder=\"0\" allow=\"accelerometer; autoplay; clipboard-write; encrypted-media; gyroscope; picture-in-picture; web-share\" referrerpolicy=\"strict-origin-when-cross-origin\" allowfullscreen><\/iframe>\n<\/div><\/figure>\n\n\n\n<figure class=\"wp-block-embed aligncenter is-type-video is-provider-youtube wp-block-embed-youtube wp-embed-aspect-16-9 wp-has-aspect-ratio\"><div class=\"wp-block-embed__wrapper\">\n<iframe loading=\"lazy\" title=\"Doigt\u00e9s gamme de DO (grave et a\u00efgu)\" width=\"500\" height=\"281\" src=\"https:\/\/www.youtube.com\/embed\/mulfLkmhT6Y?feature=oembed\" frameborder=\"0\" allow=\"accelerometer; autoplay; clipboard-write; encrypted-media; gyroscope; picture-in-picture; web-share\" referrerpolicy=\"strict-origin-when-cross-origin\" allowfullscreen><\/iframe>\n<\/div><\/figure>\n\n\n\n<p><\/p>\n\n\n\n<p class=\"has-text-align-center\">Avant de commencer un morceau, il faut toujours regarder ce qu&rsquo;il y a \u00e0 la cl\u00e9 (armure) !!!!<\/p>\n\n\n\n<p class=\"has-text-align-center\">Vais-je trouver des di\u00e8ses ou des b\u00e9mols ??????<\/p>\n\n\n<div class=\"wp-block-image\">\n<figure class=\"aligncenter size-full is-resized\"><img loading=\"lazy\" decoding=\"async\" src=\"https:\/\/leslandesaucor.fr\/wp-content\/uploads\/2023\/03\/Armature.gif\" alt=\"\" class=\"wp-image-2880\" width=\"400\" height=\"299\"\/><\/figure>\n<\/div>\n\n\n<p class=\"has-text-align-center\">Si c&rsquo;est le cas le di\u00e8se ou le b\u00e9mol sera valable tout le morceau ou, jusqu&rsquo;\u00e0 ce que le compositeur change le nombre de b\u00e9mols ou de di\u00e8ses derri\u00e8re la cl\u00e9 de sol.<\/p>\n\n\n\n<p><\/p>\n\n\n\n<p class=\"has-text-align-center\">Allez c&rsquo;est parti je m&rsquo;entra\u00eene \u00e0 reconnaitre les notes !!!!<\/p>\n\n\n\n<div class=\"wp-block-buttons is-layout-flex wp-block-buttons-is-layout-flex\">\n<div class=\"wp-block-button aligncenter\"><a class=\"wp-block-button__link wp-element-button\" href=\"https:\/\/www.apprendrelesolfege.com\/lecture-de-note-pour-cor-d-harmonie\" target=\"_blank\" rel=\"noreferrer noopener\">Jeu lecture de notes<\/a><\/div>\n<\/div>\n\n\n\n<p class=\"has-text-align-center\">ou<\/p>\n\n\n\n<div class=\"wp-block-buttons is-content-justification-center is-layout-flex wp-container-core-buttons-is-layout-16018d1d wp-block-buttons-is-layout-flex\">\n<div class=\"wp-block-button\"><a class=\"wp-block-button__link has-colibri-color-2-background-color has-background wp-element-button\" href=\"http:\/\/www.solfego.fr\/lecture-de-notes.htm#\" target=\"_blank\" rel=\"noreferrer noopener\">Jeu de notes 2<\/a><\/div>\n<\/div>\n","protected":false},"excerpt":{"rendered":"<p>Bonjour les cornistes !!! Sur cette page vous trouverez une aide pour reconnaitre les notes sur votre partitions, n&rsquo;h\u00e9sitez pas \u00e0 venir consulter cette page si vous \u00eates perdus. Les notes de la gamme et leurs doigt\u00e9s Avant de commencer un morceau, il faut toujours regarder ce qu&rsquo;il y a \u00e0 la cl\u00e9 (armure) !!!! [&hellip;]<\/p>\n","protected":false},"author":2,"featured_media":0,"parent":0,"menu_order":0,"comment_status":"closed","ping_status":"closed","template":"","meta":{"saved_in_kubio":false,"footnotes":""},"class_list":["post-2878","page","type-page","status-publish","hentry"],"kubio_ai_page_context":{"short_desc":"","purpose":"general"},"_links":{"self":[{"href":"https:\/\/leslandesaucor.fr\/index.php\/wp-json\/wp\/v2\/pages\/2878","targetHints":{"allow":["GET"]}}],"collection":[{"href":"https:\/\/leslandesaucor.fr\/index.php\/wp-json\/wp\/v2\/pages"}],"about":[{"href":"https:\/\/leslandesaucor.fr\/index.php\/wp-json\/wp\/v2\/types\/page"}],"author":[{"embeddable":true,"href":"https:\/\/leslandesaucor.fr\/index.php\/wp-json\/wp\/v2\/users\/2"}],"replies":[{"embeddable":true,"href":"https:\/\/leslandesaucor.fr\/index.php\/wp-json\/wp\/v2\/comments?post=2878"}],"version-history":[{"count":6,"href":"https:\/\/leslandesaucor.fr\/index.php\/wp-json\/wp\/v2\/pages\/2878\/revisions"}],"predecessor-version":[{"id":2898,"href":"https:\/\/leslandesaucor.fr\/index.php\/wp-json\/wp\/v2\/pages\/2878\/revisions\/2898"}],"wp:attachment":[{"href":"https:\/\/leslandesaucor.fr\/index.php\/wp-json\/wp\/v2\/media?parent=2878"}],"curies":[{"name":"wp","href":"https:\/\/api.w.org\/{rel}","templated":true}]}}