{"id":2869,"date":"2023-03-14T13:31:47","date_gmt":"2023-03-14T12:31:47","guid":{"rendered":"https:\/\/leslandesaucor.fr\/?page_id=2869"},"modified":"2023-03-15T23:12:38","modified_gmt":"2023-03-15T22:12:38","slug":"mecanismes-a-ficelles","status":"publish","type":"page","link":"https:\/\/leslandesaucor.fr\/index.php\/mecanismes-a-ficelles\/","title":{"rendered":"M\u00e9canismes \u00e0 ficelles"},"content":{"rendered":"\n<p class=\"has-text-align-center\">Sur la plupart des cors de marques Yamaha, Paxman et parfois Hans hoyer, les fabricants d&rsquo;instruments ont d\u00e9cid\u00e9 d&rsquo;utiliser des m\u00e9canismes \u00e0 ficelles, permettant une plus grande r\u00e9activit\u00e9 des barillets.<\/p>\n\n\n\n<p class=\"has-text-align-center\">Sur cette page vous trouverez la marche \u00e0 suivre pour le remplacement ou le replacement des ficelles de vos instruments.<\/p>\n\n\n\n<p class=\"has-text-align-center\"><strong>Premi\u00e8re \u00e9tape: la ficelle<\/strong><\/p>\n\n\n\n<p class=\"has-text-align-center\">Si vous souhaitez changer la ficelle suivez le lien ci-dessous, vous pourrez en commander en ligne<\/p>\n\n\n\n<div class=\"wp-block-buttons is-content-justification-center is-layout-flex wp-container-core-buttons-is-layout-16018d1d wp-block-buttons-is-layout-flex\">\n<div class=\"wp-block-button\"><a class=\"wp-block-button__link wp-element-button\" href=\"https:\/\/www.thomann.de\/fr\/yamaha_valve_string_french_h_trb.htm\" target=\"_blank\" rel=\"noreferrer noopener\">Thomann (ficelles)<\/a><\/div>\n<\/div>\n\n\n\n<p><\/p>\n\n\n\n<p class=\"has-text-align-center\"><strong>Deuxi\u00e8me \u00e9tape: le remplacement<\/strong><\/p>\n\n\n\n<p class=\"has-text-align-center\">Par la suite, il faut d\u00e9terminer deux cas de figure: la tige de la palette est au dessus du barillet (colonne de droite) g\u00e9n\u00e9ralement les trois palettes du devant. La tige est sous le barillet (colonne de gauche) g\u00e9n\u00e9ralement la palette du pouce.<\/p>\n\n\n<div class=\"wp-block-image\">\n<figure class=\"aligncenter size-full is-resized\"><img loading=\"lazy\" decoding=\"async\" src=\"https:\/\/leslandesaucor.fr\/wp-content\/uploads\/2023\/03\/Strings-yamaha.webp\" alt=\"\" class=\"wp-image-2870\" width=\"604\" height=\"695\" srcset=\"https:\/\/leslandesaucor.fr\/wp-content\/uploads\/2023\/03\/Strings-yamaha.webp 417w, https:\/\/leslandesaucor.fr\/wp-content\/uploads\/2023\/03\/Strings-yamaha-261x300.webp 261w\" sizes=\"(max-width: 604px) 100vw, 604px\" \/><\/figure>\n<\/div>\n\n\n<p class=\"has-text-align-center\">Vous trouverez ci-dessous deux vid\u00e9os Youtube avec explications si le sch\u00e9ma n&rsquo;est pas assez clair pour vous<\/p>\n\n\n\n<p class=\"has-text-align-center\">Ces vid\u00e9os sont en anglais mais vous avez la possibilit\u00e9 de mettre les sous-titres et de demander la traduction automatique en Fran\u00e7ais.<\/p>\n\n\n\n<figure class=\"wp-block-embed aligncenter is-type-video is-provider-youtube wp-block-embed-youtube wp-embed-aspect-16-9 wp-has-aspect-ratio\"><div class=\"wp-block-embed__wrapper\">\n<iframe loading=\"lazy\" title=\"How to Restring a French Horn Rotor Valve\" width=\"500\" height=\"281\" src=\"https:\/\/www.youtube.com\/embed\/8FNF36ukIeM?feature=oembed\" frameborder=\"0\" allow=\"accelerometer; autoplay; clipboard-write; encrypted-media; gyroscope; picture-in-picture; web-share\" referrerpolicy=\"strict-origin-when-cross-origin\" allowfullscreen><\/iframe>\n<\/div><\/figure>\n\n\n\n<figure class=\"wp-block-embed aligncenter is-type-video is-provider-youtube wp-block-embed-youtube wp-embed-aspect-16-9 wp-has-aspect-ratio\"><div class=\"wp-block-embed__wrapper\">\n<iframe loading=\"lazy\" title=\"How to String a French Horn Valve\" width=\"500\" height=\"281\" src=\"https:\/\/www.youtube.com\/embed\/Lym1QV7Xh7Y?feature=oembed\" frameborder=\"0\" allow=\"accelerometer; autoplay; clipboard-write; encrypted-media; gyroscope; picture-in-picture; web-share\" referrerpolicy=\"strict-origin-when-cross-origin\" allowfullscreen><\/iframe>\n<\/div><\/figure>\n\n\n\n<p><\/p>\n\n\n\n<p class=\"has-text-align-center\">Pour activer les sous-titres cliquez sur l&rsquo;ic\u00f4ne sous-titres de Youtube puis dans les param\u00e8tres (roue crant\u00e9e) allez dans la section sous-titres, traduire automatiquement puis choisissez Fran\u00e7ais<\/p>\n","protected":false},"excerpt":{"rendered":"<p>Sur la plupart des cors de marques Yamaha, Paxman et parfois Hans hoyer, les fabricants d&rsquo;instruments ont d\u00e9cid\u00e9 d&rsquo;utiliser des m\u00e9canismes \u00e0 ficelles, permettant une plus grande r\u00e9activit\u00e9 des barillets. Sur cette page vous trouverez la marche \u00e0 suivre pour le remplacement ou le replacement des ficelles de vos instruments. Premi\u00e8re \u00e9tape: la ficelle Si [&hellip;]<\/p>\n","protected":false},"author":2,"featured_media":0,"parent":0,"menu_order":0,"comment_status":"closed","ping_status":"closed","template":"","meta":{"saved_in_kubio":false,"footnotes":""},"class_list":["post-2869","page","type-page","status-publish","hentry"],"kubio_ai_page_context":{"short_desc":"","purpose":"general"},"_links":{"self":[{"href":"https:\/\/leslandesaucor.fr\/index.php\/wp-json\/wp\/v2\/pages\/2869","targetHints":{"allow":["GET"]}}],"collection":[{"href":"https:\/\/leslandesaucor.fr\/index.php\/wp-json\/wp\/v2\/pages"}],"about":[{"href":"https:\/\/leslandesaucor.fr\/index.php\/wp-json\/wp\/v2\/types\/page"}],"author":[{"embeddable":true,"href":"https:\/\/leslandesaucor.fr\/index.php\/wp-json\/wp\/v2\/users\/2"}],"replies":[{"embeddable":true,"href":"https:\/\/leslandesaucor.fr\/index.php\/wp-json\/wp\/v2\/comments?post=2869"}],"version-history":[{"count":5,"href":"https:\/\/leslandesaucor.fr\/index.php\/wp-json\/wp\/v2\/pages\/2869\/revisions"}],"predecessor-version":[{"id":2896,"href":"https:\/\/leslandesaucor.fr\/index.php\/wp-json\/wp\/v2\/pages\/2869\/revisions\/2896"}],"wp:attachment":[{"href":"https:\/\/leslandesaucor.fr\/index.php\/wp-json\/wp\/v2\/media?parent=2869"}],"curies":[{"name":"wp","href":"https:\/\/api.w.org\/{rel}","templated":true}]}}