{"id":270,"date":"2020-04-29T00:25:42","date_gmt":"2020-04-28T22:25:42","guid":{"rendered":"https:\/\/leslandesaucor.wordpress.com\/?page_id=270"},"modified":"2020-06-04T20:44:41","modified_gmt":"2020-06-04T18:44:41","slug":"les-accessoires","status":"publish","type":"page","link":"https:\/\/leslandesaucor.fr\/index.php\/les-accessoires\/","title":{"rendered":"Les accessoires"},"content":{"rendered":"\n<p class=\"has-text-align-center\">Vous trouverez sur cette page une  liste d&rsquo;accessoires utiles pour compl\u00e9ter votre \u00e9quipement.<\/p>\n\n\n\n<div class=\"wp-block-columns is-layout-flex wp-container-core-columns-is-layout-9d6595d7 wp-block-columns-is-layout-flex\">\n<div class=\"wp-block-column is-layout-flow wp-block-column-is-layout-flow\">\n<div class=\"wp-block-image\"><figure class=\"aligncenter size-large\"><img loading=\"lazy\" decoding=\"async\" width=\"1500\" height=\"1003\" src=\"http:\/\/leslank.cluster028.hosting.ovh.net\/wp-content\/uploads\/2020\/04\/71bkmi-b-fl._ac_sl1500_.jpg?w=1024\" alt=\"\" class=\"wp-image-272\" srcset=\"https:\/\/leslandesaucor.fr\/wp-content\/uploads\/2020\/04\/71bkmi-b-fl._ac_sl1500_.jpg 1500w, https:\/\/leslandesaucor.fr\/wp-content\/uploads\/2020\/04\/71bkmi-b-fl._ac_sl1500_-300x201.jpg 300w, https:\/\/leslandesaucor.fr\/wp-content\/uploads\/2020\/04\/71bkmi-b-fl._ac_sl1500_-1024x685.jpg 1024w, https:\/\/leslandesaucor.fr\/wp-content\/uploads\/2020\/04\/71bkmi-b-fl._ac_sl1500_-768x514.jpg 768w\" sizes=\"(max-width: 1500px) 100vw, 1500px\" \/><figcaption>Accordeur korg CA-50<\/figcaption><\/figure><\/div>\n<\/div>\n\n\n\n<div class=\"wp-block-column is-layout-flow wp-block-column-is-layout-flow\">\n<div class=\"wp-block-image\"><figure class=\"aligncenter size-large is-resized\"><img loading=\"lazy\" decoding=\"async\" src=\"http:\/\/leslank.cluster028.hosting.ovh.net\/wp-content\/uploads\/2020\/04\/10111007_800.jpg?w=514\" alt=\"\" class=\"wp-image-274\" width=\"140\" height=\"163\" srcset=\"https:\/\/leslandesaucor.fr\/wp-content\/uploads\/2020\/04\/10111007_800.jpg 514w, https:\/\/leslandesaucor.fr\/wp-content\/uploads\/2020\/04\/10111007_800-257x300.jpg 257w\" sizes=\"(max-width: 140px) 100vw, 140px\" \/><figcaption>Accordeur SEIKO SQ50V<\/figcaption><\/figure><\/div>\n<\/div>\n\n\n\n<div class=\"wp-block-column is-layout-flow wp-block-column-is-layout-flow\">\n<div class=\"wp-block-image\"><figure class=\"aligncenter size-large is-resized\"><img loading=\"lazy\" decoding=\"async\" src=\"http:\/\/leslank.cluster028.hosting.ovh.net\/wp-content\/uploads\/2020\/04\/11516704_800.jpg?w=280\" alt=\"\" class=\"wp-image-276\" width=\"74\" height=\"158\" srcset=\"https:\/\/leslandesaucor.fr\/wp-content\/uploads\/2020\/04\/11516704_800.jpg 280w, https:\/\/leslandesaucor.fr\/wp-content\/uploads\/2020\/04\/11516704_800-140x300.jpg 140w\" sizes=\"(max-width: 74px) 100vw, 74px\" \/><figcaption>LYRE RIEDEL 316\/313<\/figcaption><\/figure><\/div>\n<\/div>\n<\/div>\n\n\n\n<div class=\"wp-block-columns is-layout-flex wp-container-core-columns-is-layout-9d6595d7 wp-block-columns-is-layout-flex\">\n<div class=\"wp-block-column is-layout-flow wp-block-column-is-layout-flow\">\n<div class=\"wp-block-image\"><figure class=\"aligncenter size-large is-resized\"><img loading=\"lazy\" decoding=\"async\" src=\"http:\/\/leslank.cluster028.hosting.ovh.net\/wp-content\/uploads\/2020\/04\/tom-crown-sourdine-cor-dharmonie-fond-laiton.jpg?w=275\" alt=\"\" class=\"wp-image-278\" width=\"129\" height=\"187\" srcset=\"https:\/\/leslandesaucor.fr\/wp-content\/uploads\/2020\/04\/tom-crown-sourdine-cor-dharmonie-fond-laiton.jpg 275w, https:\/\/leslandesaucor.fr\/wp-content\/uploads\/2020\/04\/tom-crown-sourdine-cor-dharmonie-fond-laiton-206x300.jpg 206w\" sizes=\"(max-width: 129px) 100vw, 129px\" \/><figcaption>Sourdine son bouch\u00e9 TOM CROWN<\/figcaption><\/figure><\/div>\n<\/div>\n\n\n\n<div class=\"wp-block-column is-layout-flow wp-block-column-is-layout-flow\">\n<div class=\"wp-block-image\"><figure class=\"aligncenter size-large is-resized\"><img loading=\"lazy\" decoding=\"async\" src=\"http:\/\/leslank.cluster028.hosting.ovh.net\/wp-content\/uploads\/2020\/04\/11599134_800.jpg?w=506\" alt=\"\" class=\"wp-image-280\" width=\"173\" height=\"205\" srcset=\"https:\/\/leslandesaucor.fr\/wp-content\/uploads\/2020\/04\/11599134_800.jpg 506w, https:\/\/leslandesaucor.fr\/wp-content\/uploads\/2020\/04\/11599134_800-253x300.jpg 253w\" sizes=\"(max-width: 173px) 100vw, 173px\" \/><figcaption>Sourdine l&rsquo;olifant<\/figcaption><\/figure><\/div>\n<\/div>\n\n\n\n<div class=\"wp-block-column is-layout-flow wp-block-column-is-layout-flow\">\n<div class=\"wp-block-image\"><figure class=\"aligncenter size-large is-resized\"><img loading=\"lazy\" decoding=\"async\" src=\"http:\/\/leslank.cluster028.hosting.ovh.net\/wp-content\/uploads\/2020\/04\/31qnpk8o9ol._sr500500_.jpg?w=500\" alt=\"\" class=\"wp-image-281\" width=\"202\" height=\"201\" srcset=\"https:\/\/leslandesaucor.fr\/wp-content\/uploads\/2020\/04\/31qnpk8o9ol._sr500500_.jpg 500w, https:\/\/leslandesaucor.fr\/wp-content\/uploads\/2020\/04\/31qnpk8o9ol._sr500500_-300x300.jpg 300w, https:\/\/leslandesaucor.fr\/wp-content\/uploads\/2020\/04\/31qnpk8o9ol._sr500500_-150x150.jpg 150w\" sizes=\"(max-width: 202px) 100vw, 202px\" \/><figcaption>Sourdine Bremner sshhmute<\/figcaption><\/figure><\/div>\n<\/div>\n<\/div>\n\n\n\n<div class=\"wp-block-columns is-layout-flex wp-container-core-columns-is-layout-9d6595d7 wp-block-columns-is-layout-flex\">\n<div class=\"wp-block-column is-layout-flow wp-block-column-is-layout-flow\">\n<div class=\"wp-block-image\"><figure class=\"aligncenter size-large is-resized\"><img loading=\"lazy\" decoding=\"async\" src=\"http:\/\/leslank.cluster028.hosting.ovh.net\/wp-content\/uploads\/2020\/04\/reka-cleaning-set-french-horn.jpg?w=283\" alt=\"\" class=\"wp-image-282\" width=\"174\" height=\"255\" srcset=\"https:\/\/leslandesaucor.fr\/wp-content\/uploads\/2020\/04\/reka-cleaning-set-french-horn.jpg 283w, https:\/\/leslandesaucor.fr\/wp-content\/uploads\/2020\/04\/reka-cleaning-set-french-horn-205x300.jpg 205w\" sizes=\"(max-width: 174px) 100vw, 174px\" \/><figcaption>Kit nettoyage REKA<\/figcaption><\/figure><\/div>\n<\/div>\n\n\n\n<div class=\"wp-block-column is-layout-flow wp-block-column-is-layout-flow\">\n<div class=\"wp-block-image\"><figure class=\"aligncenter size-large is-resized\"><img loading=\"lazy\" decoding=\"async\" src=\"http:\/\/leslank.cluster028.hosting.ovh.net\/wp-content\/uploads\/2020\/04\/mcgrey-100-2-b-pupitre-noir-avec-sac.jpg?w=340\" alt=\"\" class=\"wp-image-286\" width=\"251\" height=\"251\" srcset=\"https:\/\/leslandesaucor.fr\/wp-content\/uploads\/2020\/04\/mcgrey-100-2-b-pupitre-noir-avec-sac.jpg 340w, https:\/\/leslandesaucor.fr\/wp-content\/uploads\/2020\/04\/mcgrey-100-2-b-pupitre-noir-avec-sac-300x300.jpg 300w, https:\/\/leslandesaucor.fr\/wp-content\/uploads\/2020\/04\/mcgrey-100-2-b-pupitre-noir-avec-sac-150x150.jpg 150w\" sizes=\"(max-width: 251px) 100vw, 251px\" \/><figcaption>Pupitre pliable<\/figcaption><\/figure><\/div>\n<\/div>\n\n\n\n<div class=\"wp-block-column is-layout-flow wp-block-column-is-layout-flow\">\n<div class=\"wp-block-image\"><figure class=\"aligncenter size-large is-resized\"><img loading=\"lazy\" decoding=\"async\" src=\"http:\/\/leslank.cluster028.hosting.ovh.net\/wp-content\/uploads\/2020\/04\/alexander-porte-crayon-alexander-pour-cor.jpg?w=768\" alt=\"\" class=\"wp-image-284\" width=\"249\" height=\"249\" srcset=\"https:\/\/leslandesaucor.fr\/wp-content\/uploads\/2020\/04\/alexander-porte-crayon-alexander-pour-cor.jpg 768w, https:\/\/leslandesaucor.fr\/wp-content\/uploads\/2020\/04\/alexander-porte-crayon-alexander-pour-cor-300x300.jpg 300w, https:\/\/leslandesaucor.fr\/wp-content\/uploads\/2020\/04\/alexander-porte-crayon-alexander-pour-cor-150x150.jpg 150w\" sizes=\"(max-width: 249px) 100vw, 249px\" \/><figcaption>Porte crayon K&amp;M<\/figcaption><\/figure><\/div>\n<\/div>\n<\/div>\n\n\n\n<p class=\"has-text-align-center\">Pour les m\u00e9tronomes, il existe des applications disponibles sur smartphone que vous pourrez t\u00e9l\u00e9charger gratuitement:<\/p>\n\n\n\n<div class=\"wp-block-media-text alignwide is-stacked-on-mobile\" style=\"grid-template-columns:32% auto\"><figure class=\"wp-block-media-text__media\"><img loading=\"lazy\" decoding=\"async\" width=\"1024\" height=\"562\" src=\"http:\/\/leslandesaucor.fr\/wp-content\/uploads\/2020\/05\/android-google-supprime-600-applications-du-play-store-pour-publicites-invasives-1-1024x562.jpg\" alt=\"\" class=\"wp-image-1070\" srcset=\"https:\/\/leslandesaucor.fr\/wp-content\/uploads\/2020\/05\/android-google-supprime-600-applications-du-play-store-pour-publicites-invasives-1-1024x562.jpg 1024w, https:\/\/leslandesaucor.fr\/wp-content\/uploads\/2020\/05\/android-google-supprime-600-applications-du-play-store-pour-publicites-invasives-1-300x165.jpg 300w, https:\/\/leslandesaucor.fr\/wp-content\/uploads\/2020\/05\/android-google-supprime-600-applications-du-play-store-pour-publicites-invasives-1-768x422.jpg 768w, https:\/\/leslandesaucor.fr\/wp-content\/uploads\/2020\/05\/android-google-supprime-600-applications-du-play-store-pour-publicites-invasives-1.jpg 1200w\" sizes=\"(max-width: 1024px) 100vw, 1024px\" \/><\/figure><div class=\"wp-block-media-text__content\">\n<h4 class=\"has-colibri-color-6-color has-text-color has-text-align-center wp-block-heading\"><\/h4>\n\n\n\n<div class=\"wp-block-buttons aligncenter is-layout-flex wp-block-buttons-is-layout-flex\">\n<div class=\"wp-block-button\"><a class=\"wp-block-button__link has-background has-colibri-color-6-background-color\" href=\"https:\/\/play.google.com\/store\/apps\/details?id=com.andymstone.metronome&amp;hl=f\" target=\"_blank\" rel=\"noreferrer noopener\">M\u00e9tronome BEATS<\/a><\/div>\n<\/div>\n<\/div><\/div>\n\n\n\n<div class=\"wp-block-media-text alignwide is-stacked-on-mobile\" style=\"grid-template-columns:31% auto\"><figure class=\"wp-block-media-text__media\"><img loading=\"lazy\" decoding=\"async\" width=\"299\" height=\"168\" src=\"http:\/\/leslandesaucor.fr\/wp-content\/uploads\/2020\/05\/t\u00e9l\u00e9chargement.png\" alt=\"\" class=\"wp-image-1071\"\/><\/figure><div class=\"wp-block-media-text__content\">\n<div class=\"wp-block-buttons aligncenter is-layout-flex wp-block-buttons-is-layout-flex\">\n<div class=\"wp-block-button\"><a class=\"wp-block-button__link has-background has-colibri-color-6-background-color\" href=\"https:\/\/apps.apple.com\/fr\/app\/metronome-%CF%9F\/id416443133\" target=\"_blank\" rel=\"noreferrer noopener\">M\u00e9tronome par ONYX<\/a><\/div>\n<\/div>\n<\/div><\/div>\n","protected":false},"excerpt":{"rendered":"<p>Vous trouverez sur cette page une liste d&rsquo;accessoires utiles pour compl\u00e9ter votre \u00e9quipement. Pour les m\u00e9tronomes, il existe des applications disponibles sur smartphone que vous pourrez t\u00e9l\u00e9charger gratuitement:<\/p>\n","protected":false},"author":1,"featured_media":0,"parent":0,"menu_order":0,"comment_status":"closed","ping_status":"closed","template":"","meta":{"saved_in_kubio":false,"footnotes":""},"class_list":["post-270","page","type-page","status-publish","hentry"],"kubio_ai_page_context":{"short_desc":"","purpose":"general"},"_links":{"self":[{"href":"https:\/\/leslandesaucor.fr\/index.php\/wp-json\/wp\/v2\/pages\/270","targetHints":{"allow":["GET"]}}],"collection":[{"href":"https:\/\/leslandesaucor.fr\/index.php\/wp-json\/wp\/v2\/pages"}],"about":[{"href":"https:\/\/leslandesaucor.fr\/index.php\/wp-json\/wp\/v2\/types\/page"}],"author":[{"embeddable":true,"href":"https:\/\/leslandesaucor.fr\/index.php\/wp-json\/wp\/v2\/users\/1"}],"replies":[{"embeddable":true,"href":"https:\/\/leslandesaucor.fr\/index.php\/wp-json\/wp\/v2\/comments?post=270"}],"version-history":[{"count":11,"href":"https:\/\/leslandesaucor.fr\/index.php\/wp-json\/wp\/v2\/pages\/270\/revisions"}],"predecessor-version":[{"id":1537,"href":"https:\/\/leslandesaucor.fr\/index.php\/wp-json\/wp\/v2\/pages\/270\/revisions\/1537"}],"wp:attachment":[{"href":"https:\/\/leslandesaucor.fr\/index.php\/wp-json\/wp\/v2\/media?parent=270"}],"curies":[{"name":"wp","href":"https:\/\/api.w.org\/{rel}","templated":true}]}}