{"id":193,"date":"2020-04-28T18:02:39","date_gmt":"2020-04-28T16:02:39","guid":{"rendered":"https:\/\/leslandesaucor.wordpress.com\/?page_id=193"},"modified":"2020-05-06T01:13:18","modified_gmt":"2020-05-05T23:13:18","slug":"achat-dune-embouchure","status":"publish","type":"page","link":"https:\/\/leslandesaucor.fr\/index.php\/achat-dune-embouchure\/","title":{"rendered":"Achat d&rsquo;une embouchure"},"content":{"rendered":"\n<p class=\"has-text-align-center\">L&rsquo;achat d&rsquo;une embouchure va \u00eatre une \u00e9tape importante aussi. Au d\u00e9but l&rsquo;\u00e9l\u00e8ve va commencer par une embouchure fournie par son professeur. <\/p>\n\n\n\n<p class=\"has-text-align-center\">Par la suite il devra en concertation avec lui choisir un mod\u00e8le. S&rsquo;il convient, il le gardera toute sa vie de corniste.<\/p>\n\n\n\n<p class=\"has-text-align-center\">Les parties d&rsquo;une embouchure<\/p>\n\n\n\n<div class=\"wp-block-image\"><figure class=\"aligncenter size-large is-resized\"><img loading=\"lazy\" decoding=\"async\" src=\"http:\/\/leslank.cluster028.hosting.ovh.net\/wp-content\/uploads\/2020\/04\/coupe-embouchure-cuvette-grain-bord-queue-apprendre-la-trompette.jpg?w=600\" alt=\"\" class=\"wp-image-195\" width=\"279\" height=\"278\" srcset=\"https:\/\/leslandesaucor.fr\/wp-content\/uploads\/2020\/04\/coupe-embouchure-cuvette-grain-bord-queue-apprendre-la-trompette.jpg 600w, https:\/\/leslandesaucor.fr\/wp-content\/uploads\/2020\/04\/coupe-embouchure-cuvette-grain-bord-queue-apprendre-la-trompette-300x300.jpg 300w, https:\/\/leslandesaucor.fr\/wp-content\/uploads\/2020\/04\/coupe-embouchure-cuvette-grain-bord-queue-apprendre-la-trompette-150x150.jpg 150w\" sizes=\"(max-width: 279px) 100vw, 279px\" \/><\/figure><\/div>\n\n\n\n<p class=\"has-text-align-center\">La particularit\u00e9 de l&#8217;embouchure du cor va \u00eatre que sa cuvette aura une forme conique particularit\u00e9 \u00e9galement de l&rsquo;instrument.<\/p>\n\n\n\n<p class=\"has-text-align-center\">Si on la compare aux autres  embouchures comme la trompette et le trombone vous verrez tout de suite la diff\u00e9rence de forme entre les cuvettes.<\/p>\n\n\n\n<div class=\"wp-block-image\"><figure class=\"aligncenter size-large\"><img loading=\"lazy\" decoding=\"async\" width=\"307\" height=\"164\" src=\"http:\/\/leslank.cluster028.hosting.ovh.net\/wp-content\/uploads\/2020\/04\/images.png?w=307\" alt=\"\" class=\"wp-image-196\" srcset=\"https:\/\/leslandesaucor.fr\/wp-content\/uploads\/2020\/04\/images.png 307w, https:\/\/leslandesaucor.fr\/wp-content\/uploads\/2020\/04\/images-300x160.png 300w\" sizes=\"(max-width: 307px) 100vw, 307px\" \/><\/figure><\/div>\n\n\n\n<p class=\"has-text-align-center\">Saurez-vous retrouver sur cette image l&#8217;embouchure du cor?<\/p>\n\n\n\n<div class=\"wp-block-image\"><figure class=\"aligncenter size-large is-resized\"><img loading=\"lazy\" decoding=\"async\" src=\"http:\/\/leslank.cluster028.hosting.ovh.net\/wp-content\/uploads\/2020\/04\/sans-titre-1.png?w=1024\" alt=\"\" class=\"wp-image-198\" width=\"578\" height=\"358\" srcset=\"https:\/\/leslandesaucor.fr\/wp-content\/uploads\/2020\/04\/sans-titre-1.png 1300w, https:\/\/leslandesaucor.fr\/wp-content\/uploads\/2020\/04\/sans-titre-1-300x186.png 300w, https:\/\/leslandesaucor.fr\/wp-content\/uploads\/2020\/04\/sans-titre-1-1024x636.png 1024w, https:\/\/leslandesaucor.fr\/wp-content\/uploads\/2020\/04\/sans-titre-1-768x477.png 768w\" sizes=\"(max-width: 578px) 100vw, 578px\" \/><figcaption><br><\/figcaption><\/figure><\/div>\n\n\n\n<div class=\"wp-block-media-text alignwide has-media-on-the-right is-stacked-on-mobile\" style=\"grid-template-columns:auto 20%\"><figure class=\"wp-block-media-text__media\"><img loading=\"lazy\" decoding=\"async\" width=\"206\" height=\"245\" src=\"https:\/\/leslandesaucor.fr\/wp-content\/uploads\/2020\/04\/images-1.png\" alt=\"\" class=\"wp-image-199\"\/><\/figure><div class=\"wp-block-media-text__content\">\n<h4 class=\"has-text-align-center wp-block-heading\">Pour l&rsquo;achat d&rsquo;une embouchure, je vous conseille cette marque. Pour le mod\u00e8le nous verrons ensemble.<\/h4>\n<\/div><\/div>\n","protected":false},"excerpt":{"rendered":"<p>L&rsquo;achat d&rsquo;une embouchure va \u00eatre une \u00e9tape importante aussi. Au d\u00e9but l&rsquo;\u00e9l\u00e8ve va commencer par une embouchure fournie par son professeur. Par la suite il devra en concertation avec lui choisir un mod\u00e8le. S&rsquo;il convient, il le gardera toute sa vie de corniste. Les parties d&rsquo;une embouchure La particularit\u00e9 de l&#8217;embouchure du cor va \u00eatre [&hellip;]<\/p>\n","protected":false},"author":1,"featured_media":0,"parent":0,"menu_order":0,"comment_status":"closed","ping_status":"closed","template":"","meta":{"saved_in_kubio":false,"footnotes":""},"class_list":["post-193","page","type-page","status-publish","hentry"],"kubio_ai_page_context":{"short_desc":"","purpose":"general"},"_links":{"self":[{"href":"https:\/\/leslandesaucor.fr\/index.php\/wp-json\/wp\/v2\/pages\/193","targetHints":{"allow":["GET"]}}],"collection":[{"href":"https:\/\/leslandesaucor.fr\/index.php\/wp-json\/wp\/v2\/pages"}],"about":[{"href":"https:\/\/leslandesaucor.fr\/index.php\/wp-json\/wp\/v2\/types\/page"}],"author":[{"embeddable":true,"href":"https:\/\/leslandesaucor.fr\/index.php\/wp-json\/wp\/v2\/users\/1"}],"replies":[{"embeddable":true,"href":"https:\/\/leslandesaucor.fr\/index.php\/wp-json\/wp\/v2\/comments?post=193"}],"version-history":[{"count":11,"href":"https:\/\/leslandesaucor.fr\/index.php\/wp-json\/wp\/v2\/pages\/193\/revisions"}],"predecessor-version":[{"id":2877,"href":"https:\/\/leslandesaucor.fr\/index.php\/wp-json\/wp\/v2\/pages\/193\/revisions\/2877"}],"wp:attachment":[{"href":"https:\/\/leslandesaucor.fr\/index.php\/wp-json\/wp\/v2\/media?parent=193"}],"curies":[{"name":"wp","href":"https:\/\/api.w.org\/{rel}","templated":true}]}}