{"id":1387,"date":"2020-05-10T17:44:35","date_gmt":"2020-05-10T15:44:35","guid":{"rendered":"https:\/\/leslandesaucor.fr\/?page_id=1387"},"modified":"2025-07-29T20:57:29","modified_gmt":"2025-07-29T18:57:29","slug":"accorder-son-cor","status":"publish","type":"page","link":"https:\/\/leslandesaucor.fr\/index.php\/accorder-son-cor\/","title":{"rendered":"Accorder son cor"},"content":{"rendered":"\n<p class=\"has-text-align-center\">Sur cette page vous allez trouver des informations pour accorder un cor simple en FA ou un cor double.<\/p>\n\n\n\n<p class=\"has-text-align-center\">L&rsquo;accord de l&rsquo;instrument va \u00eatre abord\u00e9 g\u00e9n\u00e9ralement quand vous allez commencer \u00e0 jouer en formation orchestre. Le but est que tous les instruments (pas forc\u00e9ment que le cor), soient accord\u00e9s.<\/p>\n\n\n\n<p class=\"has-text-align-center\">Apr\u00e8s avoir chauff\u00e9 n&rsquo;h\u00e9sitez pas \u00e0 vous accorder<\/p>\n\n\n\n<h3 class=\"wp-block-heading has-text-align-center\">M\u00e9mo:<\/h3>\n\n\n\n<p class=\"has-text-align-center\">Je suis haut, je tire la coulisse d&rsquo;accord g\u00e9n\u00e9ral donc je rallonge mon instrument<\/p>\n\n\n\n<p class=\"has-text-align-center\">Je suis bas, je pousse la coulisse donc je raccourci mon instrument<\/p>\n\n\n\n<h3 class=\"wp-block-heading has-text-align-center\">Cor SIMPLE (en FA)<\/h3>\n\n\n\n<figure class=\"wp-block-embed aligncenter is-type-video is-provider-youtube wp-block-embed-youtube wp-embed-aspect-16-9 wp-has-aspect-ratio\"><div class=\"wp-block-embed__wrapper\">\n<iframe loading=\"lazy\" title=\"ACCORD COR FA\" width=\"500\" height=\"281\" src=\"https:\/\/www.youtube.com\/embed\/jDa0D51Rvlo?feature=oembed\" frameborder=\"0\" allow=\"accelerometer; autoplay; clipboard-write; encrypted-media; gyroscope; picture-in-picture; web-share\" referrerpolicy=\"strict-origin-when-cross-origin\" allowfullscreen><\/iframe>\n<\/div><\/figure>\n\n\n\n<h3 class=\"wp-block-heading has-text-align-center\">Cor DOUBLE (FA\/SIb)<\/h3>\n\n\n\n<figure class=\"wp-block-embed aligncenter is-type-video is-provider-youtube wp-block-embed-youtube wp-embed-aspect-16-9 wp-has-aspect-ratio\"><div class=\"wp-block-embed__wrapper\">\n<iframe loading=\"lazy\" title=\"Accord cor double\" width=\"500\" height=\"281\" src=\"https:\/\/www.youtube.com\/embed\/tKPmg6Jjj5w?feature=oembed\" frameborder=\"0\" allow=\"accelerometer; autoplay; clipboard-write; encrypted-media; gyroscope; picture-in-picture; web-share\" referrerpolicy=\"strict-origin-when-cross-origin\" allowfullscreen><\/iframe>\n<\/div><\/figure>\n\n\n\n<p>Ci dessous une petite exp\u00e9rience sympa sur l&rsquo;accord \u00e0 440 khz et \u00e0 444khz<\/p>\n\n\n\n<p class=\"has-text-align-center\">Vous allez voir que deux diapasons (fr\u00e9quences) diff\u00e9rents ont du mal \u00e0 se m\u00e9langer, on va avoir l&rsquo;impression que les notes \u00ab\u00a0roulent l&rsquo;une sur l&rsquo;autre\u00a0\u00bb<\/p>\n\n\n\n<figure class=\"wp-block-embed aligncenter is-type-video is-provider-youtube wp-block-embed-youtube wp-embed-aspect-4-3 wp-has-aspect-ratio\"><div class=\"wp-block-embed__wrapper\">\n<iframe loading=\"lazy\" title=\"Diapason : Ecoutez la difference !!\" width=\"500\" height=\"375\" src=\"https:\/\/www.youtube.com\/embed\/6v8a4PwWIH8?feature=oembed\" frameborder=\"0\" allow=\"accelerometer; autoplay; clipboard-write; encrypted-media; gyroscope; picture-in-picture; web-share\" referrerpolicy=\"strict-origin-when-cross-origin\" allowfullscreen><\/iframe>\n<\/div><\/figure>\n","protected":false},"excerpt":{"rendered":"<p>Sur cette page vous allez trouver des informations pour accorder un cor simple en FA ou un cor double. L&rsquo;accord de l&rsquo;instrument va \u00eatre abord\u00e9 g\u00e9n\u00e9ralement quand vous allez commencer \u00e0 jouer en formation orchestre. Le but est que tous les instruments (pas forc\u00e9ment que le cor), soient accord\u00e9s. Apr\u00e8s avoir chauff\u00e9 n&rsquo;h\u00e9sitez pas \u00e0 [&hellip;]<\/p>\n","protected":false},"author":1,"featured_media":0,"parent":0,"menu_order":0,"comment_status":"closed","ping_status":"closed","template":"","meta":{"saved_in_kubio":true,"footnotes":""},"class_list":["post-1387","page","type-page","status-publish","hentry"],"kubio_ai_page_context":{"short_desc":"","purpose":"general"},"_links":{"self":[{"href":"https:\/\/leslandesaucor.fr\/index.php\/wp-json\/wp\/v2\/pages\/1387","targetHints":{"allow":["GET"]}}],"collection":[{"href":"https:\/\/leslandesaucor.fr\/index.php\/wp-json\/wp\/v2\/pages"}],"about":[{"href":"https:\/\/leslandesaucor.fr\/index.php\/wp-json\/wp\/v2\/types\/page"}],"author":[{"embeddable":true,"href":"https:\/\/leslandesaucor.fr\/index.php\/wp-json\/wp\/v2\/users\/1"}],"replies":[{"embeddable":true,"href":"https:\/\/leslandesaucor.fr\/index.php\/wp-json\/wp\/v2\/comments?post=1387"}],"version-history":[{"count":8,"href":"https:\/\/leslandesaucor.fr\/index.php\/wp-json\/wp\/v2\/pages\/1387\/revisions"}],"predecessor-version":[{"id":3072,"href":"https:\/\/leslandesaucor.fr\/index.php\/wp-json\/wp\/v2\/pages\/1387\/revisions\/3072"}],"wp:attachment":[{"href":"https:\/\/leslandesaucor.fr\/index.php\/wp-json\/wp\/v2\/media?parent=1387"}],"curies":[{"name":"wp","href":"https:\/\/api.w.org\/{rel}","templated":true}]}}