{"id":125,"date":"2020-04-27T23:13:30","date_gmt":"2020-04-27T21:13:30","guid":{"rendered":"https:\/\/leslandesaucor.wordpress.com\/?page_id=125"},"modified":"2020-11-27T16:28:55","modified_gmt":"2020-11-27T15:28:55","slug":"acces-membres","status":"publish","type":"page","link":"https:\/\/leslandesaucor.fr\/index.php\/acces-membres\/","title":{"rendered":"Acc\u00e8s \u00e9l\u00e8ves"},"content":{"rendered":"","protected":true},"excerpt":{"rendered":"","protected":true},"author":1,"featured_media":0,"parent":0,"menu_order":0,"comment_status":"closed","ping_status":"closed","template":"","meta":{"saved_in_kubio":false,"footnotes":""},"class_list":["post-125","page","type-page","status-publish","post-password-required","hentry"],"kubio_ai_page_context":{"short_desc":"","purpose":"general"},"_links":{"self":[{"href":"https:\/\/leslandesaucor.fr\/index.php\/wp-json\/wp\/v2\/pages\/125","targetHints":{"allow":["GET"]}}],"collection":[{"href":"https:\/\/leslandesaucor.fr\/index.php\/wp-json\/wp\/v2\/pages"}],"about":[{"href":"https:\/\/leslandesaucor.fr\/index.php\/wp-json\/wp\/v2\/types\/page"}],"author":[{"embeddable":true,"href":"https:\/\/leslandesaucor.fr\/index.php\/wp-json\/wp\/v2\/users\/1"}],"replies":[{"embeddable":true,"href":"https:\/\/leslandesaucor.fr\/index.php\/wp-json\/wp\/v2\/comments?post=125"}],"version-history":[{"count":11,"href":"https:\/\/leslandesaucor.fr\/index.php\/wp-json\/wp\/v2\/pages\/125\/revisions"}],"predecessor-version":[{"id":1577,"href":"https:\/\/leslandesaucor.fr\/index.php\/wp-json\/wp\/v2\/pages\/125\/revisions\/1577"}],"wp:attachment":[{"href":"https:\/\/leslandesaucor.fr\/index.php\/wp-json\/wp\/v2\/media?parent=125"}],"curies":[{"name":"wp","href":"https:\/\/api.w.org\/{rel}","templated":true}]}}