{"id":119,"date":"2020-04-27T23:13:24","date_gmt":"2020-04-27T21:13:24","guid":{"rendered":"https:\/\/leslandesaucor.wordpress.com\/?page_id=119"},"modified":"2025-07-29T20:34:27","modified_gmt":"2025-07-29T18:34:27","slug":"le-cor","status":"publish","type":"page","link":"https:\/\/leslandesaucor.fr\/index.php\/le-cor\/","title":{"rendered":"LE COR"},"content":{"rendered":"\n<p class=\"has-text-align-center\">Pour \u00e9toffer notre connaissance de cet instrument, je vous propose des vid\u00e9os sur la fabrication d&rsquo;un instrument et une pr\u00e9sentation du cor par le professeur du conservatoire de Paris.<\/p>\n\n\n\n<p class=\"has-text-align-center\"><strong>FABRICATION COR<\/strong><\/p>\n\n\n\n<figure class=\"wp-block-embed alignwide is-type-video is-provider-youtube wp-block-embed-youtube wp-embed-aspect-4-3 wp-has-aspect-ratio\"><div class=\"wp-block-embed__wrapper\">\n<iframe loading=\"lazy\" title=\"fabrication d&#039;un cor d&#039;harmonie\" width=\"500\" height=\"375\" src=\"https:\/\/www.youtube.com\/embed\/OgtU6sZjPsk?feature=oembed\" frameborder=\"0\" allow=\"accelerometer; autoplay; clipboard-write; encrypted-media; gyroscope; picture-in-picture; web-share\" referrerpolicy=\"strict-origin-when-cross-origin\" allowfullscreen><\/iframe>\n<\/div><\/figure>\n\n\n\n<p class=\"has-text-align-center\"><strong>PRESENTATION DE L&rsquo;INSTRUMENT<\/strong><\/p>\n\n\n\n<figure class=\"wp-block-embed alignwide is-type-video is-provider-youtube wp-block-embed-youtube wp-embed-aspect-16-9 wp-has-aspect-ratio\"><div class=\"wp-block-embed__wrapper\">\n<iframe loading=\"lazy\" title=\"[Figures de Notes] Le cor, mode d\u2019emploi\" width=\"500\" height=\"281\" src=\"https:\/\/www.youtube.com\/embed\/oaDQCBb_zjA?feature=oembed\" frameborder=\"0\" allow=\"accelerometer; autoplay; clipboard-write; encrypted-media; gyroscope; picture-in-picture; web-share\" referrerpolicy=\"strict-origin-when-cross-origin\" allowfullscreen><\/iframe>\n<\/div><\/figure>\n\n\n\n<p class=\"has-text-align-center\"><strong>VIDEO EN ALLEMAND DE LA FABRICATION D&rsquo;UN COR ALEXANDER<\/strong><\/p>\n\n\n\n<p class=\"has-text-align-center\">M\u00eame si la vid\u00e9o est en allemand, les images parlent d&rsquo;elles-m\u00eame. La preuve que la fabrication d&rsquo;un cor n&rsquo;est pas chose simple et prend du temps.<\/p>\n\n\n\n<figure class=\"wp-block-embed alignwide is-type-video is-provider-youtube wp-block-embed-youtube wp-embed-aspect-16-9 wp-has-aspect-ratio\"><div class=\"wp-block-embed__wrapper\">\n<iframe loading=\"lazy\" title=\"Wie man ein Waldhorn baut | SWR Handwerkskunst\" width=\"500\" height=\"281\" src=\"https:\/\/www.youtube.com\/embed\/7Y0cEzpzum4?feature=oembed\" frameborder=\"0\" allow=\"accelerometer; autoplay; clipboard-write; encrypted-media; gyroscope; picture-in-picture; web-share\" referrerpolicy=\"strict-origin-when-cross-origin\" allowfullscreen><\/iframe>\n<\/div><\/figure>\n","protected":false},"excerpt":{"rendered":"<p>Pour \u00e9toffer notre connaissance de cet instrument, je vous propose des vid\u00e9os sur la fabrication d&rsquo;un instrument et une pr\u00e9sentation du cor par le professeur du conservatoire de Paris. FABRICATION COR PRESENTATION DE L&rsquo;INSTRUMENT VIDEO EN ALLEMAND DE LA FABRICATION D&rsquo;UN COR ALEXANDER M\u00eame si la vid\u00e9o est en allemand, les images parlent d&rsquo;elles-m\u00eame. La [&hellip;]<\/p>\n","protected":false},"author":1,"featured_media":0,"parent":0,"menu_order":0,"comment_status":"closed","ping_status":"closed","template":"","meta":{"saved_in_kubio":true,"footnotes":""},"class_list":["post-119","page","type-page","status-publish","hentry"],"kubio_ai_page_context":{"short_desc":"","purpose":"general"},"_links":{"self":[{"href":"https:\/\/leslandesaucor.fr\/index.php\/wp-json\/wp\/v2\/pages\/119","targetHints":{"allow":["GET"]}}],"collection":[{"href":"https:\/\/leslandesaucor.fr\/index.php\/wp-json\/wp\/v2\/pages"}],"about":[{"href":"https:\/\/leslandesaucor.fr\/index.php\/wp-json\/wp\/v2\/types\/page"}],"author":[{"embeddable":true,"href":"https:\/\/leslandesaucor.fr\/index.php\/wp-json\/wp\/v2\/users\/1"}],"replies":[{"embeddable":true,"href":"https:\/\/leslandesaucor.fr\/index.php\/wp-json\/wp\/v2\/comments?post=119"}],"version-history":[{"count":7,"href":"https:\/\/leslandesaucor.fr\/index.php\/wp-json\/wp\/v2\/pages\/119\/revisions"}],"predecessor-version":[{"id":3067,"href":"https:\/\/leslandesaucor.fr\/index.php\/wp-json\/wp\/v2\/pages\/119\/revisions\/3067"}],"wp:attachment":[{"href":"https:\/\/leslandesaucor.fr\/index.php\/wp-json\/wp\/v2\/media?parent=119"}],"curies":[{"name":"wp","href":"https:\/\/api.w.org\/{rel}","templated":true}]}}