{"id":114,"date":"2020-04-27T19:33:44","date_gmt":"2020-04-27T17:33:44","guid":{"rendered":"https:\/\/leslandesaucor.wordpress.com\/?page_id=114"},"modified":"2022-08-02T17:46:56","modified_gmt":"2022-08-02T15:46:56","slug":"les-modeles-de-cors","status":"publish","type":"page","link":"https:\/\/leslandesaucor.fr\/index.php\/les-modeles-de-cors\/","title":{"rendered":"Les diff\u00e9rents types de cors"},"content":{"rendered":"\n<p class=\"has-text-align-center\"> Lorsqu&rsquo;on est corniste nous allons passer par plusieurs mod\u00e8les de cor.<\/p>\n\n\n\n<p class=\"has-text-align-center\">En d\u00e9butant la pratique de l&rsquo;instrument, nous commen\u00e7ons la plupart du temps par un cor <strong>simple<\/strong> en FA, il est reconnaissable \u00e0 ses trois palettes.<\/p>\n\n\n\n<p class=\"has-text-align-center\">En fonction de la taille de l&rsquo;\u00e9l\u00e8ve le choix d&rsquo;un cor petite main ou taille adulte va s&rsquo;op\u00e9rer.<\/p>\n\n\n\n<p class=\"has-text-align-center\">Le d\u00e9but sur cor en FA est tr\u00e8s important, c&rsquo;est avec lui que l&rsquo;on va obtenir un son propre au cor, rond et feutr\u00e9 gr\u00e2ce \u00e0 une longueur de tuyaux plus importante.<\/p>\n\n\n\n<div class=\"wp-block-columns is-layout-flex wp-container-core-columns-is-layout-9d6595d7 wp-block-columns-is-layout-flex\">\n<div class=\"wp-block-column is-layout-flow wp-block-column-is-layout-flow\"><div class=\"wp-block-image\">\n<figure class=\"aligncenter size-large\"><img loading=\"lazy\" decoding=\"async\" width=\"225\" height=\"225\" src=\"http:\/\/leslank.cluster028.hosting.ovh.net\/wp-content\/uploads\/2020\/04\/image.jpeg?w=225\" alt=\"EAGLETONE ROAD HR100 PETITE MAIN - Woodbrass.com\" class=\"wp-image-115\" srcset=\"https:\/\/leslandesaucor.fr\/wp-content\/uploads\/2020\/04\/image.jpeg 225w, https:\/\/leslandesaucor.fr\/wp-content\/uploads\/2020\/04\/image-150x150.jpeg 150w\" sizes=\"(max-width: 225px) 100vw, 225px\" \/><figcaption>Cor en FA petite main<\/figcaption><\/figure>\n<\/div><\/div>\n\n\n\n<div class=\"wp-block-column is-layout-flow wp-block-column-is-layout-flow\"><div class=\"wp-block-image\">\n<figure class=\"aligncenter is-resized\"><img loading=\"lazy\" decoding=\"async\" src=\"https:\/\/static.fnac-static.com\/multimedia\/Images\/FR\/MC\/8c\/fc\/32\/20118668\/1540-1\/tsp20130620220639\/Cors-harmonie-JUPITER-COR-SIMPLE-EN-FA-JHR752L-LES-EENTIELS-Cors-simples.jpg\" alt=\"Cors harmonie JUPITER COR SIMPLE EN FA JHR752L LES ESSENTIELS Cors ...\" width=\"226\" height=\"226\"\/><figcaption>Cor en FA taille adulte<\/figcaption><\/figure>\n<\/div><\/div>\n<\/div>\n\n\n\n<p class=\"has-text-align-center\">En grandissant et en ma\u00eetrisant les doigt\u00e9s du cor en FA, nous passerons ensuite sur un cor <strong>double<\/strong> FA\/SIb. Cet instrument est plus lourd que le cor simple mais il va nous permettre de rajouter une palette au pouce pour faciliter le jeu dans le registre a\u00efgu de l&rsquo;instrument.<\/p>\n\n\n\n<p class=\"has-text-align-center\">Le cor double est l&rsquo;instrument le plus jou\u00e9 par les amateurs et professionnels.<\/p>\n\n\n<div class=\"wp-block-image\">\n<figure class=\"aligncenter size-full\"><img loading=\"lazy\" decoding=\"async\" width=\"620\" height=\"465\" src=\"https:\/\/leslandesaucor.fr\/wp-content\/uploads\/2022\/08\/fupjiwy1gssiuau3i19l.webp\" alt=\"\" class=\"wp-image-1826\" srcset=\"https:\/\/leslandesaucor.fr\/wp-content\/uploads\/2022\/08\/fupjiwy1gssiuau3i19l.webp 620w, https:\/\/leslandesaucor.fr\/wp-content\/uploads\/2022\/08\/fupjiwy1gssiuau3i19l-300x225.webp 300w\" sizes=\"(max-width: 620px) 100vw, 620px\" \/><\/figure>\n<\/div>\n\n\n<p class=\"has-text-align-center\">Un corniste professionnel est amen\u00e9 \u00e0 jouer des parties a\u00efgues d\u00e9licates. Il existe un autre cor permettant de rajouter un circuit beaucoup plus court. Il s&rsquo;agit du cor <strong>triple<\/strong> g\u00e9n\u00e9ralement FA\/SIb\/Fa a\u00efgu (ou MIb a\u00efgu) reconnaissable par ses deux palettes au pouce.<\/p>\n\n\n<div class=\"wp-block-image\">\n<figure class=\"aligncenter size-large is-resized\"><img loading=\"lazy\" decoding=\"async\" src=\"http:\/\/leslank.cluster028.hosting.ovh.net\/wp-content\/uploads\/2020\/04\/french-horn3.jpg?w=1000\" alt=\"eBay\" class=\"wp-image-240\" width=\"521\" height=\"452\" srcset=\"https:\/\/leslandesaucor.fr\/wp-content\/uploads\/2020\/04\/french-horn3.jpg 1000w, https:\/\/leslandesaucor.fr\/wp-content\/uploads\/2020\/04\/french-horn3-300x260.jpg 300w, https:\/\/leslandesaucor.fr\/wp-content\/uploads\/2020\/04\/french-horn3-768x667.jpg 768w\" sizes=\"(max-width: 521px) 100vw, 521px\" \/><\/figure>\n<\/div>\n\n\n<p class=\"has-text-align-center\">Les autres mod\u00e8les de cor jou\u00e9s par les cornistes en fonction des styles de musique.<\/p>\n\n\n\n<p class=\"has-text-align-center\"><div id=\"metaslider-id-895\" style=\"max-width: 750px; margin: 0 auto;\" class=\"ml-slider-3-107-0 metaslider metaslider-flex metaslider-895 ml-slider has-dots-nav ms-theme-default\" role=\"region\" aria-label=\"Nouveau diaporama\" data-height=\"600\" data-width=\"750\">\n    <div id=\"metaslider_container_895\">\n        <div id=\"metaslider_895\">\n            <ul class='slides'>\n                <li style=\"display: block; width: 100%;\" class=\"slide-896 ms-image \" aria-roledescription=\"slide\" data-date=\"2020-04-30 17:33:09\" data-filename=\"Cor_naturel-1-725x580.jpg\" data-slide-type=\"image\"><img loading=\"lazy\" decoding=\"async\" src=\"https:\/\/leslandesaucor.fr\/wp-content\/uploads\/2020\/04\/Cor_naturel-1-725x580.jpg\" height=\"600\" width=\"750\" alt=\"\" class=\"slider-895 slide-896 msDefaultImage\" title=\"Cor_naturel\" \/><div class=\"caption-wrap\"><div class=\"caption\">Cor naturel<\/div><\/div><\/li>\n                <li style=\"display: none; width: 100%;\" class=\"slide-897 ms-image \" aria-roledescription=\"slide\" data-date=\"2020-04-30 17:33:53\" data-filename=\"cor-naturel-1-746x596.jpg\" data-slide-type=\"image\"><img loading=\"lazy\" decoding=\"async\" src=\"https:\/\/leslandesaucor.fr\/wp-content\/uploads\/2020\/04\/cor-naturel-1-746x596.jpg\" height=\"600\" width=\"750\" alt=\"\" class=\"slider-895 slide-897 msDefaultImage\" title=\"cor-naturel 1\" \/><div class=\"caption-wrap\"><div class=\"caption\">Cor naturel<\/div><\/div><\/li>\n                <li style=\"display: none; width: 100%;\" class=\"slide-898 ms-image \" aria-roledescription=\"slide\" data-date=\"2020-04-30 17:34:09\" data-filename=\"TUBA-WAGNER-750x600.jpg\" data-slide-type=\"image\"><img loading=\"lazy\" decoding=\"async\" src=\"https:\/\/leslandesaucor.fr\/wp-content\/uploads\/2020\/04\/TUBA-WAGNER-750x600.jpg\" height=\"600\" width=\"750\" alt=\"\" class=\"slider-895 slide-898 msDefaultImage\" title=\"TUBA WAGNER\" \/><div class=\"caption-wrap\"><div class=\"caption\">Tuba Wagner<\/div><\/div><\/li>\n                <li style=\"display: none; width: 100%;\" class=\"slide-899 ms-image \" aria-roledescription=\"slide\" data-date=\"2020-04-30 17:34:33\" data-filename=\"TUBA-WAGNER-2-750x600.jpg\" data-slide-type=\"image\"><img loading=\"lazy\" decoding=\"async\" src=\"https:\/\/leslandesaucor.fr\/wp-content\/uploads\/2020\/04\/TUBA-WAGNER-2-750x600.jpg\" height=\"600\" width=\"750\" alt=\"\" class=\"slider-895 slide-899 msDefaultImage\" title=\"TUBA WAGNER 2\" \/><div class=\"caption-wrap\"><div class=\"caption\">Tuba wagner<\/div><\/div><\/li>\n                <li style=\"display: none; width: 100%;\" class=\"slide-900 ms-image \" aria-roledescription=\"slide\" data-date=\"2020-04-30 17:34:49\" data-filename=\"Cor-viennois-512x409.jpg\" data-slide-type=\"image\"><img loading=\"lazy\" decoding=\"async\" src=\"https:\/\/leslandesaucor.fr\/wp-content\/uploads\/2020\/04\/Cor-viennois-512x409.jpg\" height=\"600\" width=\"750\" alt=\"\" class=\"slider-895 slide-900 msDefaultImage\" title=\"Cor viennois\" \/><div class=\"caption-wrap\"><div class=\"caption\">Cor Viennois<\/div><\/div><\/li>\n                <li style=\"display: none; width: 100%;\" class=\"slide-901 ms-image \" aria-roledescription=\"slide\" data-date=\"2020-04-30 17:35:07\" data-filename=\"Cor-viennois2-750x600.jpg\" data-slide-type=\"image\"><img loading=\"lazy\" decoding=\"async\" src=\"https:\/\/leslandesaucor.fr\/wp-content\/uploads\/2020\/04\/Cor-viennois2-750x600.jpg\" height=\"600\" width=\"750\" alt=\"\" class=\"slider-895 slide-901 msDefaultImage\" title=\"Cor viennois2\" \/><div class=\"caption-wrap\"><div class=\"caption\">Cor Viennois<\/div><\/div><\/li>\n                <li style=\"display: none; width: 100%;\" class=\"slide-902 ms-image \" aria-roledescription=\"slide\" data-date=\"2020-04-30 17:35:21\" data-filename=\"COR-DES-ALPES-750x600.jpg\" data-slide-type=\"image\"><img loading=\"lazy\" decoding=\"async\" src=\"https:\/\/leslandesaucor.fr\/wp-content\/uploads\/2020\/04\/COR-DES-ALPES-750x600.jpg\" height=\"600\" width=\"750\" alt=\"\" class=\"slider-895 slide-902 msDefaultImage\" title=\"COR DES ALPES\" \/><div class=\"caption-wrap\"><div class=\"caption\">Cor des Alpes<\/div><\/div><\/li>\n                <li style=\"display: none; width: 100%;\" class=\"slide-903 ms-image \" aria-roledescription=\"slide\" data-date=\"2020-04-30 17:35:38\" data-filename=\"COR-DES-ALPES-2-scaled-750x600.jpg\" data-slide-type=\"image\"><img loading=\"lazy\" decoding=\"async\" src=\"https:\/\/leslandesaucor.fr\/wp-content\/uploads\/2020\/04\/COR-DES-ALPES-2-scaled-750x600.jpg\" height=\"600\" width=\"750\" alt=\"\" class=\"slider-895 slide-903 msDefaultImage\" title=\"SONY DSC\" \/><div class=\"caption-wrap\"><div class=\"caption\">Cor des Alpes<\/div><\/div><\/li>\n                <li style=\"display: none; width: 100%;\" class=\"slide-904 ms-image \" aria-roledescription=\"slide\" data-date=\"2020-04-30 17:35:56\" data-filename=\"Trompe-de-chasse-750x600.jpeg\" data-slide-type=\"image\"><img loading=\"lazy\" decoding=\"async\" src=\"https:\/\/leslandesaucor.fr\/wp-content\/uploads\/2020\/04\/Trompe-de-chasse-750x600.jpeg\" height=\"600\" width=\"750\" alt=\"\" class=\"slider-895 slide-904 msDefaultImage\" title=\"Trompe de chasse\" \/><div class=\"caption-wrap\"><div class=\"caption\">Trompe de chasse<\/div><\/div><\/li>\n                <li style=\"display: none; width: 100%;\" class=\"slide-905 ms-image \" aria-roledescription=\"slide\" data-date=\"2020-04-30 17:36:17\" data-filename=\"sivyquxurnzwzia6iaqz-400x320.jpg\" data-slide-type=\"image\"><img loading=\"lazy\" decoding=\"async\" src=\"https:\/\/leslandesaucor.fr\/wp-content\/uploads\/2020\/04\/sivyquxurnzwzia6iaqz-400x320.jpg\" height=\"600\" width=\"750\" alt=\"\" class=\"slider-895 slide-905 msDefaultImage\" title=\"sivyquxurnzwzia6iaqz\" \/><div class=\"caption-wrap\"><div class=\"caption\">Mellophone<\/div><\/div><\/li>\n            <\/ul>\n        <\/div>\n        \n    <\/div>\n<\/div><\/p>\n\n\n\n<div class=\"wp-block-buttons is-content-justification-center is-layout-flex wp-container-core-buttons-is-layout-16018d1d wp-block-buttons-is-layout-flex\">\n<div class=\"wp-block-button\"><a class=\"wp-block-button__link has-colibri-color-5-color has-colibri-color-6-background-color has-text-color has-background\" href=\"https:\/\/fr.wikipedia.org\/wiki\/Cor_d%27harmonie\" target=\"_blank\" rel=\"noreferrer noopener\">Description cor wikip\u00e9dia<\/a><\/div>\n<\/div>\n","protected":false},"excerpt":{"rendered":"<p>Lorsqu&rsquo;on est corniste nous allons passer par plusieurs mod\u00e8les de cor. En d\u00e9butant la pratique de l&rsquo;instrument, nous commen\u00e7ons la plupart du temps par un cor simple en FA, il est reconnaissable \u00e0 ses trois palettes. En fonction de la taille de l&rsquo;\u00e9l\u00e8ve le choix d&rsquo;un cor petite main ou taille adulte va s&rsquo;op\u00e9rer. Le [&hellip;]<\/p>\n","protected":false},"author":1,"featured_media":0,"parent":0,"menu_order":0,"comment_status":"closed","ping_status":"closed","template":"","meta":{"saved_in_kubio":false,"footnotes":""},"class_list":["post-114","page","type-page","status-publish","hentry"],"kubio_ai_page_context":{"short_desc":"","purpose":"general"},"_links":{"self":[{"href":"https:\/\/leslandesaucor.fr\/index.php\/wp-json\/wp\/v2\/pages\/114","targetHints":{"allow":["GET"]}}],"collection":[{"href":"https:\/\/leslandesaucor.fr\/index.php\/wp-json\/wp\/v2\/pages"}],"about":[{"href":"https:\/\/leslandesaucor.fr\/index.php\/wp-json\/wp\/v2\/types\/page"}],"author":[{"embeddable":true,"href":"https:\/\/leslandesaucor.fr\/index.php\/wp-json\/wp\/v2\/users\/1"}],"replies":[{"embeddable":true,"href":"https:\/\/leslandesaucor.fr\/index.php\/wp-json\/wp\/v2\/comments?post=114"}],"version-history":[{"count":18,"href":"https:\/\/leslandesaucor.fr\/index.php\/wp-json\/wp\/v2\/pages\/114\/revisions"}],"predecessor-version":[{"id":1828,"href":"https:\/\/leslandesaucor.fr\/index.php\/wp-json\/wp\/v2\/pages\/114\/revisions\/1828"}],"wp:attachment":[{"href":"https:\/\/leslandesaucor.fr\/index.php\/wp-json\/wp\/v2\/media?parent=114"}],"curies":[{"name":"wp","href":"https:\/\/api.w.org\/{rel}","templated":true}]}}