{"id":105,"date":"2020-04-27T19:06:06","date_gmt":"2020-04-27T17:06:06","guid":{"rendered":"https:\/\/leslandesaucor.wordpress.com\/?page_id=105"},"modified":"2022-08-02T17:40:22","modified_gmt":"2022-08-02T15:40:22","slug":"achat-dun-instrument","status":"publish","type":"page","link":"https:\/\/leslandesaucor.fr\/index.php\/achat-dun-instrument\/","title":{"rendered":"Achat d&#8217;un instrument"},"content":{"rendered":"\n<p class=\"has-text-align-center\">L&rsquo;achat d&rsquo;un instrument s&rsquo;effectue g\u00e9n\u00e9ralement en milieu de deuxi\u00e8me cycle lorsque l&rsquo;\u00e9l\u00e8ve est en taille de tenir un cor double.<\/p>\n\n\n\n<p class=\"has-text-align-center\">Il se fait en accord avec le professeur, en effet le cor est fabriqu\u00e9 de mani\u00e8re artisanale, aucun instrument n&rsquo;aura le m\u00eame son.<\/p>\n\n\n\n<p class=\"has-text-align-center\">C&rsquo;est la raison pour laquelle l&rsquo;instrument devra \u00eatre essay\u00e9 avant tout achat.<\/p>\n\n\n\n<p class=\"has-text-align-center\"><strong>Plusieurs possibilit\u00e9s: achat neuf ou d&rsquo;occasion en fonction<\/strong> <strong>de votre budget<\/strong><\/p>\n\n\n\n<p class=\"has-text-align-center has-primary-color has-text-color\"><strong><span style=\"text-decoration:underline;\">Voici la liste des cors doubles d&rsquo;\u00e9tude conseill\u00e9s<\/span><\/strong><\/p>\n\n\n\n<p class=\"has-text-align-center\">De mani\u00e8re g\u00e9n\u00e9rale on essaiera de rester dans les cors de marques HANS HOYER, YAMAHA, PAXMAN, BRIZ<\/p>\n\n\n\n<div class=\"wp-block-columns are-vertically-aligned-center is-layout-flex wp-container-core-columns-is-layout-9d6595d7 wp-block-columns-is-layout-flex\">\n<div class=\"wp-block-column is-vertically-aligned-center is-layout-flow wp-block-column-is-layout-flow\"><div class=\"wp-block-image\">\n<figure class=\"aligncenter size-full\"><img loading=\"lazy\" decoding=\"async\" width=\"1200\" height=\"954\" src=\"http:\/\/leslank.cluster028.hosting.ovh.net\/wp-content\/uploads\/2020\/04\/801-1442758644.jpg\" alt=\"\" class=\"wp-image-257\" srcset=\"https:\/\/leslandesaucor.fr\/wp-content\/uploads\/2020\/04\/801-1442758644.jpg 1200w, https:\/\/leslandesaucor.fr\/wp-content\/uploads\/2020\/04\/801-1442758644-300x239.jpg 300w, https:\/\/leslandesaucor.fr\/wp-content\/uploads\/2020\/04\/801-1442758644-1024x814.jpg 1024w, https:\/\/leslandesaucor.fr\/wp-content\/uploads\/2020\/04\/801-1442758644-768x611.jpg 768w\" sizes=\"(max-width: 1200px) 100vw, 1200px\" \/><figcaption>Cor Hans Hoyer Mod 801<\/figcaption><\/figure>\n<\/div>\n\n\n<p><\/p>\n<\/div>\n\n\n\n<div class=\"wp-block-column is-vertically-aligned-center is-layout-flow wp-block-column-is-layout-flow\"><div class=\"wp-block-image\">\n<figure class=\"aligncenter size-full is-resized\"><img loading=\"lazy\" decoding=\"async\" src=\"http:\/\/leslank.cluster028.hosting.ovh.net\/wp-content\/uploads\/2020\/04\/Yam.jpg\" alt=\"\" class=\"wp-image-599\" width=\"225\" height=\"225\" srcset=\"https:\/\/leslandesaucor.fr\/wp-content\/uploads\/2020\/04\/Yam.jpg 735w, https:\/\/leslandesaucor.fr\/wp-content\/uploads\/2020\/04\/Yam-300x300.jpg 300w, https:\/\/leslandesaucor.fr\/wp-content\/uploads\/2020\/04\/Yam-150x150.jpg 150w\" sizes=\"(max-width: 225px) 100vw, 225px\" \/><figcaption>Cor Yamaha Mod 567<\/figcaption><\/figure>\n<\/div><\/div>\n\n\n\n<div class=\"wp-block-column is-vertically-aligned-center is-layout-flow wp-block-column-is-layout-flow\"><div class=\"wp-block-image\">\n<figure class=\"aligncenter size-full is-resized\"><img loading=\"lazy\" decoding=\"async\" src=\"http:\/\/leslank.cluster028.hosting.ovh.net\/wp-content\/uploads\/2020\/04\/41-xgkzx6-l._ac_sy400_.jpg\" alt=\"\" class=\"wp-image-258\" width=\"106\" height=\"175\" srcset=\"https:\/\/leslandesaucor.fr\/wp-content\/uploads\/2020\/04\/41-xgkzx6-l._ac_sy400_.jpg 241w, https:\/\/leslandesaucor.fr\/wp-content\/uploads\/2020\/04\/41-xgkzx6-l._ac_sy400_-181x300.jpg 181w\" sizes=\"(max-width: 106px) 100vw, 106px\" \/><figcaption>Cor Paxman academy<\/figcaption><\/figure>\n<\/div>\n\n\n<p><\/p>\n<\/div>\n<\/div>\n\n\n\n<div class=\"wp-block-columns is-layout-flex wp-container-core-columns-is-layout-9d6595d7 wp-block-columns-is-layout-flex\">\n<div class=\"wp-block-column is-layout-flow wp-block-column-is-layout-flow\">\n<div class=\"wp-block-buttons is-content-justification-center is-layout-flex wp-container-core-buttons-is-layout-16018d1d wp-block-buttons-is-layout-flex\">\n<div class=\"wp-block-button\"><a class=\"wp-block-button__link has-colibri-color-6-background-color has-background\" href=\"https:\/\/www.hans-hoyer.com\/fr\/\" target=\"_blank\" rel=\"noreferrer noopener\">SITE HANS HOYER<\/a><\/div>\n<\/div>\n<\/div>\n\n\n\n<div class=\"wp-block-column is-layout-flow wp-block-column-is-layout-flow\">\n<div class=\"wp-block-buttons is-content-justification-center is-layout-flex wp-container-core-buttons-is-layout-16018d1d wp-block-buttons-is-layout-flex\">\n<div class=\"wp-block-button\"><a class=\"wp-block-button__link has-colibri-color-6-background-color has-background\" href=\"https:\/\/fr.yamaha.com\/fr\/products\/musical_instruments\/winds\/frenchhorns\/index.html\" target=\"_blank\" rel=\"noreferrer noopener\">SITE YAMAHA<\/a><\/div>\n<\/div>\n<\/div>\n\n\n\n<div class=\"wp-block-column is-layout-flow wp-block-column-is-layout-flow\">\n<div class=\"wp-block-buttons is-content-justification-center is-layout-flex wp-container-core-buttons-is-layout-16018d1d wp-block-buttons-is-layout-flex\">\n<div class=\"wp-block-button\"><a class=\"wp-block-button__link has-colibri-color-6-background-color has-background\" href=\"https:\/\/www.paxman.co.uk\/\" target=\"_blank\" rel=\"noreferrer noopener\">SITE PAXMAN<\/a><\/div>\n<\/div>\n<\/div>\n<\/div>\n\n\n\n<hr class=\"wp-block-separator has-css-opacity\"\/>\n\n\n\n<p class=\"has-text-align-center\">Dans une gamme de prix moins ch\u00e8re vous trouverez \u00e9galement le cor de marque BRIZ qui existe en pavillon fixe ou d\u00e9montable. (env 2300\u20ac)<\/p>\n\n\n\n<div class=\"wp-block-columns is-layout-flex wp-container-core-columns-is-layout-9d6595d7 wp-block-columns-is-layout-flex\">\n<div class=\"wp-block-column is-layout-flow wp-block-column-is-layout-flow\"><div class=\"wp-block-image\">\n<figure class=\"aligncenter size-full is-resized\"><img loading=\"lazy\" decoding=\"async\" src=\"https:\/\/leslandesaucor.fr\/wp-content\/uploads\/2022\/08\/Briz-800-front-balu-musik-logo-1.jpg\" alt=\"\" class=\"wp-image-1797\" width=\"266\" height=\"205\" srcset=\"https:\/\/leslandesaucor.fr\/wp-content\/uploads\/2022\/08\/Briz-800-front-balu-musik-logo-1.jpg 504w, https:\/\/leslandesaucor.fr\/wp-content\/uploads\/2022\/08\/Briz-800-front-balu-musik-logo-1-300x232.jpg 300w\" sizes=\"(max-width: 266px) 100vw, 266px\" \/><figcaption>BRIZ Mod\u00e8le 800 pavillon d\u00e9montable<\/figcaption><\/figure>\n<\/div><\/div>\n\n\n\n<div class=\"wp-block-column is-layout-flow wp-block-column-is-layout-flow\"><div class=\"wp-block-image\">\n<figure class=\"aligncenter size-full is-resized\"><img loading=\"lazy\" decoding=\"async\" src=\"https:\/\/leslandesaucor.fr\/wp-content\/uploads\/2022\/08\/Briz-flight-case-front.jpg\" alt=\"\" class=\"wp-image-1798\" width=\"236\" height=\"203\" srcset=\"https:\/\/leslandesaucor.fr\/wp-content\/uploads\/2022\/08\/Briz-flight-case-front.jpg 432w, https:\/\/leslandesaucor.fr\/wp-content\/uploads\/2022\/08\/Briz-flight-case-front-300x258.jpg 300w\" sizes=\"(max-width: 236px) 100vw, 236px\" \/><figcaption>Etui cor BRIZ<\/figcaption><\/figure>\n<\/div><\/div>\n<\/div>\n\n\n\n<div class=\"wp-block-buttons is-layout-flex wp-block-buttons-is-layout-flex\">\n<div class=\"wp-block-button aligncenter is-style-fill\"><a class=\"wp-block-button__link\" href=\"https:\/\/balumusik.com\/product\/680-800-double-french-horn\/\" style=\"border-radius:26px\" target=\"_blank\" rel=\"noreferrer noopener\">SITE BRIZ<\/a><\/div>\n<\/div>\n\n\n\n<p><\/p>\n\n\n\n<p class=\"has-text-align-center\">L&rsquo;\u00e9ternelle question sera: dois-je acheter un cor \u00e0 pavillon fixe ou d\u00e9montable?<\/p>\n\n\n\n<p class=\"has-text-align-center\">La d\u00e9cision sera prise en fonction de votre budget, le s\u00fbrcout \u00e0 l&rsquo;achat d&rsquo;un cor \u00e0 pavillon d\u00e9montable n&rsquo;est pas \u00e9norme.<\/p>\n\n\n\n<p class=\"has-text-align-center\">La diff\u00e9rence se fera sur la taille de l&rsquo;\u00e9tui. Si vous souhaitez ranger votre cor directement et si vous \u00eates maladroit prenez un pavillon fixe. Si vous prenez le temps de ranger votre instrument et voulez une valise plus compacte, prenez un pavillon d\u00e9montable.<\/p>\n\n\n\n<div class=\"wp-block-columns is-layout-flex wp-container-core-columns-is-layout-9d6595d7 wp-block-columns-is-layout-flex\">\n<div class=\"wp-block-column is-layout-flow wp-block-column-is-layout-flow\"><div class=\"wp-block-image\">\n<figure class=\"aligncenter size-full\"><img loading=\"lazy\" decoding=\"async\" width=\"700\" height=\"700\" src=\"http:\/\/leslank.cluster028.hosting.ovh.net\/wp-content\/uploads\/2020\/04\/trompa-doble-fa-sib-hans-hoyer-hh801a-1-0-801al-geyer-64775.jpg\" alt=\"\" class=\"wp-image-260\" srcset=\"https:\/\/leslandesaucor.fr\/wp-content\/uploads\/2020\/04\/trompa-doble-fa-sib-hans-hoyer-hh801a-1-0-801al-geyer-64775.jpg 700w, https:\/\/leslandesaucor.fr\/wp-content\/uploads\/2020\/04\/trompa-doble-fa-sib-hans-hoyer-hh801a-1-0-801al-geyer-64775-300x300.jpg 300w, https:\/\/leslandesaucor.fr\/wp-content\/uploads\/2020\/04\/trompa-doble-fa-sib-hans-hoyer-hh801a-1-0-801al-geyer-64775-150x150.jpg 150w\" sizes=\"(max-width: 700px) 100vw, 700px\" \/><\/figure>\n<\/div><\/div>\n\n\n\n<div class=\"wp-block-column is-layout-flow wp-block-column-is-layout-flow\"><div class=\"wp-block-image\">\n<figure class=\"aligncenter size-full\"><img loading=\"lazy\" decoding=\"async\" width=\"267\" height=\"400\" src=\"http:\/\/leslank.cluster028.hosting.ovh.net\/wp-content\/uploads\/2020\/04\/yamaha-french-horn-yhr-567d-excellent-condition-overall-repaired.jpg\" alt=\"\" class=\"wp-image-261\" srcset=\"https:\/\/leslandesaucor.fr\/wp-content\/uploads\/2020\/04\/yamaha-french-horn-yhr-567d-excellent-condition-overall-repaired.jpg 267w, https:\/\/leslandesaucor.fr\/wp-content\/uploads\/2020\/04\/yamaha-french-horn-yhr-567d-excellent-condition-overall-repaired-200x300.jpg 200w\" sizes=\"(max-width: 267px) 100vw, 267px\" \/><\/figure>\n<\/div><\/div>\n\n\n\n<div class=\"wp-block-column is-layout-flow wp-block-column-is-layout-flow\">\n<figure class=\"wp-block-image size-large\"><img loading=\"lazy\" decoding=\"async\" width=\"1024\" height=\"819\" src=\"https:\/\/leslandesaucor.fr\/wp-content\/uploads\/2020\/05\/PAXS4-Paxman-Corno-fa-sib-mod.-serie-4-8-1024x819.jpg\" alt=\"\" class=\"wp-image-1323\" srcset=\"https:\/\/leslandesaucor.fr\/wp-content\/uploads\/2020\/05\/PAXS4-Paxman-Corno-fa-sib-mod.-serie-4-8-1024x819.jpg 1024w, https:\/\/leslandesaucor.fr\/wp-content\/uploads\/2020\/05\/PAXS4-Paxman-Corno-fa-sib-mod.-serie-4-8-300x240.jpg 300w, https:\/\/leslandesaucor.fr\/wp-content\/uploads\/2020\/05\/PAXS4-Paxman-Corno-fa-sib-mod.-serie-4-8-768x614.jpg 768w, https:\/\/leslandesaucor.fr\/wp-content\/uploads\/2020\/05\/PAXS4-Paxman-Corno-fa-sib-mod.-serie-4-8-1536x1229.jpg 1536w, https:\/\/leslandesaucor.fr\/wp-content\/uploads\/2020\/05\/PAXS4-Paxman-Corno-fa-sib-mod.-serie-4-8-2048x1638.jpg 2048w\" sizes=\"(max-width: 1024px) 100vw, 1024px\" \/><\/figure>\n<\/div>\n<\/div>\n\n\n\n<p class=\"has-text-align-center\">Pour les curieux je vous conseille d&rsquo;aller voir le site du magasin l&rsquo;olifant vous y trouverez plein d&rsquo;informations.<\/p>\n\n\n\n<div class=\"wp-block-buttons is-content-justification-center is-layout-flex wp-container-core-buttons-is-layout-16018d1d wp-block-buttons-is-layout-flex\">\n<div class=\"wp-block-button\"><a class=\"wp-block-button__link has-colibri-color-6-background-color has-background\" href=\"https:\/\/www.lolifantparis.com\/\" target=\"_blank\" rel=\"noreferrer noopener\">L&rsquo;OLIFANT PARIS<\/a><\/div>\n<\/div>\n\n\n\n<p class=\"has-text-align-center\"><mark style=\"background-color:rgba(0, 0, 0, 0)\" class=\"has-inline-color has-primary-color\">Bon \u00e0 savoir durant la p\u00e9riode de fin d&rsquo;ann\u00e9e le magasin Olifant fait des facilit\u00e9s de paiement sans fr<\/mark>ais<\/p>\n\n\n<div class=\"wp-block-image\">\n<figure class=\"aligncenter size-large is-resized\"><img loading=\"lazy\" decoding=\"async\" src=\"http:\/\/leslank.cluster028.hosting.ovh.net\/wp-content\/uploads\/2020\/04\/reveur.jpg?w=790\" alt=\"\" class=\"wp-image-255\" width=\"450\" height=\"269\" srcset=\"https:\/\/leslandesaucor.fr\/wp-content\/uploads\/2020\/04\/reveur.jpg 790w, https:\/\/leslandesaucor.fr\/wp-content\/uploads\/2020\/04\/reveur-300x179.jpg 300w, https:\/\/leslandesaucor.fr\/wp-content\/uploads\/2020\/04\/reveur-768x459.jpg 768w\" sizes=\"(max-width: 450px) 100vw, 450px\" \/><\/figure>\n<\/div>\n\n\n<p class=\"has-text-align-center\">Pour les curieux et ceux qui ont envie de r\u00eaver voici des marques de cors professionnels<\/p>\n\n\n\n<div class=\"wp-block-columns is-layout-flex wp-container-core-columns-is-layout-9d6595d7 wp-block-columns-is-layout-flex\">\n<div class=\"wp-block-column is-layout-flow wp-block-column-is-layout-flow\"><div class=\"wp-block-image\">\n<figure class=\"aligncenter size-large is-resized\"><img loading=\"lazy\" decoding=\"async\" src=\"https:\/\/leslandesaucor.fr\/wp-content\/uploads\/2020\/05\/Horn_RENAME_002_grande_84f4e69a-1c6a-47f1-9af8-8ad9055dc4be_1024x1024.jpg\" alt=\"\" class=\"wp-image-1320\" width=\"183\" height=\"183\" srcset=\"https:\/\/leslandesaucor.fr\/wp-content\/uploads\/2020\/05\/Horn_RENAME_002_grande_84f4e69a-1c6a-47f1-9af8-8ad9055dc4be_1024x1024.jpg 600w, https:\/\/leslandesaucor.fr\/wp-content\/uploads\/2020\/05\/Horn_RENAME_002_grande_84f4e69a-1c6a-47f1-9af8-8ad9055dc4be_1024x1024-300x300.jpg 300w, https:\/\/leslandesaucor.fr\/wp-content\/uploads\/2020\/05\/Horn_RENAME_002_grande_84f4e69a-1c6a-47f1-9af8-8ad9055dc4be_1024x1024-150x150.jpg 150w\" sizes=\"(max-width: 183px) 100vw, 183px\" \/><figcaption>Cors ALEXANDER<\/figcaption><\/figure>\n<\/div><\/div>\n\n\n\n<div class=\"wp-block-column is-layout-flow wp-block-column-is-layout-flow\"><div class=\"wp-block-image\">\n<figure class=\"aligncenter size-large is-resized\"><img loading=\"lazy\" decoding=\"async\" src=\"http:\/\/leslank.cluster028.hosting.ovh.net\/wp-content\/uploads\/2020\/04\/06-volldoppel_bf2.jpg?w=800\" alt=\"\" class=\"wp-image-265\" width=\"213\" height=\"168\" srcset=\"https:\/\/leslandesaucor.fr\/wp-content\/uploads\/2020\/04\/06-volldoppel_bf2.jpg 800w, https:\/\/leslandesaucor.fr\/wp-content\/uploads\/2020\/04\/06-volldoppel_bf2-300x237.jpg 300w, https:\/\/leslandesaucor.fr\/wp-content\/uploads\/2020\/04\/06-volldoppel_bf2-768x607.jpg 768w\" sizes=\"(max-width: 213px) 100vw, 213px\" \/><figcaption>Cors SCHMID<\/figcaption><\/figure>\n<\/div><\/div>\n\n\n\n<div class=\"wp-block-column is-layout-flow wp-block-column-is-layout-flow\"><div class=\"wp-block-image\">\n<figure class=\"aligncenter size-large is-resized\"><img loading=\"lazy\" decoding=\"async\" src=\"http:\/\/leslank.cluster028.hosting.ovh.net\/wp-content\/uploads\/2020\/04\/cor-k10_full-1592x1189-1.png?w=1024\" alt=\"K10 | Hans Hoyer\" class=\"wp-image-266\" width=\"223\" height=\"166\" srcset=\"https:\/\/leslandesaucor.fr\/wp-content\/uploads\/2020\/04\/cor-k10_full-1592x1189-1.png 1592w, https:\/\/leslandesaucor.fr\/wp-content\/uploads\/2020\/04\/cor-k10_full-1592x1189-1-300x224.png 300w, https:\/\/leslandesaucor.fr\/wp-content\/uploads\/2020\/04\/cor-k10_full-1592x1189-1-1024x765.png 1024w, https:\/\/leslandesaucor.fr\/wp-content\/uploads\/2020\/04\/cor-k10_full-1592x1189-1-768x574.png 768w, https:\/\/leslandesaucor.fr\/wp-content\/uploads\/2020\/04\/cor-k10_full-1592x1189-1-1536x1147.png 1536w, https:\/\/leslandesaucor.fr\/wp-content\/uploads\/2020\/04\/cor-k10_full-1592x1189-1-1568x1171.png 1568w\" sizes=\"(max-width: 223px) 100vw, 223px\" \/><figcaption>Cors HANS HOYER<\/figcaption><\/figure>\n<\/div><\/div>\n<\/div>\n\n\n\n<p><\/p>\n","protected":false},"excerpt":{"rendered":"<p>L&rsquo;achat d&rsquo;un instrument s&rsquo;effectue g\u00e9n\u00e9ralement en milieu de deuxi\u00e8me cycle lorsque l&rsquo;\u00e9l\u00e8ve est en taille de tenir un cor double. Il se fait en accord avec le professeur, en effet le cor est fabriqu\u00e9 de mani\u00e8re artisanale, aucun instrument n&rsquo;aura le m\u00eame son. C&rsquo;est la raison pour laquelle l&rsquo;instrument devra \u00eatre essay\u00e9 avant tout achat. [&hellip;]<\/p>\n","protected":false},"author":1,"featured_media":0,"parent":0,"menu_order":0,"comment_status":"closed","ping_status":"closed","template":"","meta":{"saved_in_kubio":false,"footnotes":""},"class_list":["post-105","page","type-page","status-publish","hentry"],"kubio_ai_page_context":{"short_desc":"","purpose":"general"},"_links":{"self":[{"href":"https:\/\/leslandesaucor.fr\/index.php\/wp-json\/wp\/v2\/pages\/105","targetHints":{"allow":["GET"]}}],"collection":[{"href":"https:\/\/leslandesaucor.fr\/index.php\/wp-json\/wp\/v2\/pages"}],"about":[{"href":"https:\/\/leslandesaucor.fr\/index.php\/wp-json\/wp\/v2\/types\/page"}],"author":[{"embeddable":true,"href":"https:\/\/leslandesaucor.fr\/index.php\/wp-json\/wp\/v2\/users\/1"}],"replies":[{"embeddable":true,"href":"https:\/\/leslandesaucor.fr\/index.php\/wp-json\/wp\/v2\/comments?post=105"}],"version-history":[{"count":14,"href":"https:\/\/leslandesaucor.fr\/index.php\/wp-json\/wp\/v2\/pages\/105\/revisions"}],"predecessor-version":[{"id":1803,"href":"https:\/\/leslandesaucor.fr\/index.php\/wp-json\/wp\/v2\/pages\/105\/revisions\/1803"}],"wp:attachment":[{"href":"https:\/\/leslandesaucor.fr\/index.php\/wp-json\/wp\/v2\/media?parent=105"}],"curies":[{"name":"wp","href":"https:\/\/api.w.org\/{rel}","templated":true}]}}