{"id":1006,"date":"2020-05-01T16:11:58","date_gmt":"2020-05-01T14:11:58","guid":{"rendered":"http:\/\/leslandesaucor.fr\/?page_id=1006"},"modified":"2025-07-29T20:37:06","modified_gmt":"2025-07-29T18:37:06","slug":"le-nettoyage","status":"publish","type":"page","link":"https:\/\/leslandesaucor.fr\/index.php\/le-nettoyage\/","title":{"rendered":"Le nettoyage"},"content":{"rendered":"\n<p class=\"has-text-align-center\">Sur cette page vous pourrez trouver des tutoriels sur la mani\u00e8re de nettoyer votre instrument.<\/p>\n\n\n\n<p class=\"has-text-align-center\"><strong>1\u00b0 NETTOYER SON EMBOUCHURE<\/strong><\/p>\n\n\n\n<p class=\"has-text-align-center\">Etape importante, pensez \u00e0 nettoyer votre embouchure<\/p>\n\n\n\n<figure class=\"wp-block-embed aligncenter is-type-video is-provider-youtube wp-block-embed-youtube wp-embed-aspect-16-9 wp-has-aspect-ratio\"><div class=\"wp-block-embed__wrapper\">\n<iframe loading=\"lazy\" title=\"Nettoyer son embouchure\" width=\"500\" height=\"281\" src=\"https:\/\/www.youtube.com\/embed\/5d9G6GW_RM4?feature=oembed\" frameborder=\"0\" allow=\"accelerometer; autoplay; clipboard-write; encrypted-media; gyroscope; picture-in-picture; web-share\" referrerpolicy=\"strict-origin-when-cross-origin\" allowfullscreen><\/iframe>\n<\/div><\/figure>\n\n\n\n<p class=\"has-text-align-center\"><strong>2\u00b0 LE GRAND BAIN<\/strong><\/p>\n\n\n\n<p class=\"has-text-align-center\">Voici une vid\u00e9o vous expliquant la proc\u00e9dure de nettoyage. Si vous n&rsquo;avez pas de baignoire chez vous, vous pouvez directement mettre le produit d\u00e9graissant dans les tuyaux avec de l&rsquo;eau chaude puis faire tourner l&rsquo;instrument sans le laisser tremper.<\/p>\n\n\n\n<figure class=\"wp-block-embed aligncenter is-type-video is-provider-youtube wp-block-embed-youtube wp-embed-aspect-16-9 wp-has-aspect-ratio\"><div class=\"wp-block-embed__wrapper\">\n<iframe loading=\"lazy\" title=\"Le grand bain\" width=\"500\" height=\"281\" src=\"https:\/\/www.youtube.com\/embed\/rxwfRF-Yz1s?feature=oembed\" frameborder=\"0\" allow=\"accelerometer; autoplay; clipboard-write; encrypted-media; gyroscope; picture-in-picture; web-share\" referrerpolicy=\"strict-origin-when-cross-origin\" allowfullscreen><\/iframe>\n<\/div><\/figure>\n","protected":false},"excerpt":{"rendered":"<p>Sur cette page vous pourrez trouver des tutoriels sur la mani\u00e8re de nettoyer votre instrument. 1\u00b0 NETTOYER SON EMBOUCHURE Etape importante, pensez \u00e0 nettoyer votre embouchure 2\u00b0 LE GRAND BAIN Voici une vid\u00e9o vous expliquant la proc\u00e9dure de nettoyage. Si vous n&rsquo;avez pas de baignoire chez vous, vous pouvez directement mettre le produit d\u00e9graissant dans [&hellip;]<\/p>\n","protected":false},"author":1,"featured_media":0,"parent":0,"menu_order":0,"comment_status":"closed","ping_status":"closed","template":"","meta":{"saved_in_kubio":true,"footnotes":""},"class_list":["post-1006","page","type-page","status-publish","hentry"],"kubio_ai_page_context":{"short_desc":"","purpose":"general"},"_links":{"self":[{"href":"https:\/\/leslandesaucor.fr\/index.php\/wp-json\/wp\/v2\/pages\/1006","targetHints":{"allow":["GET"]}}],"collection":[{"href":"https:\/\/leslandesaucor.fr\/index.php\/wp-json\/wp\/v2\/pages"}],"about":[{"href":"https:\/\/leslandesaucor.fr\/index.php\/wp-json\/wp\/v2\/types\/page"}],"author":[{"embeddable":true,"href":"https:\/\/leslandesaucor.fr\/index.php\/wp-json\/wp\/v2\/users\/1"}],"replies":[{"embeddable":true,"href":"https:\/\/leslandesaucor.fr\/index.php\/wp-json\/wp\/v2\/comments?post=1006"}],"version-history":[{"count":4,"href":"https:\/\/leslandesaucor.fr\/index.php\/wp-json\/wp\/v2\/pages\/1006\/revisions"}],"predecessor-version":[{"id":3068,"href":"https:\/\/leslandesaucor.fr\/index.php\/wp-json\/wp\/v2\/pages\/1006\/revisions\/3068"}],"wp:attachment":[{"href":"https:\/\/leslandesaucor.fr\/index.php\/wp-json\/wp\/v2\/media?parent=1006"}],"curies":[{"name":"wp","href":"https:\/\/api.w.org\/{rel}","templated":true}]}}